{"id":8191,"date":"2026-01-09T03:10:43","date_gmt":"2026-01-09T03:10:43","guid":{"rendered":"https:\/\/primer-impacto.com\/?page_id=8191"},"modified":"2026-01-09T03:20:20","modified_gmt":"2026-01-09T03:20:20","slug":"politica-integral-de-seguridad-de-la-informacion","status":"publish","type":"page","link":"https:\/\/primer-impacto.com\/pt\/politica-integral-de-seguridad-de-la-informacion\/","title":{"rendered":"Pol\u00edtica Integral de Seguridad de la Informaci\u00f3n"},"content":{"rendered":"<div data-elementor-type=\"wp-page\" data-elementor-id=\"8191\" class=\"elementor elementor-8191\" data-elementor-post-type=\"page\">\n\t\t\t\t\t\t<section class=\"elementor-section elementor-top-section elementor-element elementor-element-e6cc5cb elementor-section-boxed elementor-section-height-default elementor-section-height-default\" data-id=\"e6cc5cb\" data-element_type=\"section\" data-e-type=\"section\" data-settings=\"{&quot;background_background&quot;:&quot;classic&quot;}\">\n\t\t\t\t\t\t\t<div class=\"elementor-background-overlay\"><\/div>\n\t\t\t\t\t\t\t<div class=\"elementor-container elementor-column-gap-default\">\n\t\t\t\t\t<div class=\"elementor-column elementor-col-100 elementor-top-column elementor-element elementor-element-46a20ba\" data-id=\"46a20ba\" data-element_type=\"column\" data-e-type=\"column\">\n\t\t\t<div class=\"elementor-widget-wrap elementor-element-populated\">\n\t\t\t\t\t\t<div class=\"elementor-element elementor-element-3096232 elementor-widget elementor-widget-heading\" data-id=\"3096232\" data-element_type=\"widget\" data-e-type=\"widget\" data-widget_type=\"heading.default\">\n\t\t\t\t<div class=\"elementor-widget-container\">\n\t\t\t\t\t<h2 class=\"elementor-heading-title elementor-size-default\"><span class=\"resaltadoHeader\"> Pol\u00edtica Integral de Seguridad de la Informaci\u00f3n<\/span> <\/h2>\t\t\t\t<\/div>\n\t\t\t\t<\/div>\n\t\t\t\t\t<\/div>\n\t\t<\/div>\n\t\t\t\t\t<\/div>\n\t\t<\/section>\n\t\t\t\t<section class=\"elementor-section elementor-top-section elementor-element elementor-element-710f814 elementor-section-boxed elementor-section-height-default elementor-section-height-default\" data-id=\"710f814\" data-element_type=\"section\" data-e-type=\"section\">\n\t\t\t\t\t\t<div class=\"elementor-container elementor-column-gap-default\">\n\t\t\t\t\t<div class=\"elementor-column elementor-col-100 elementor-top-column elementor-element elementor-element-7f783fc\" data-id=\"7f783fc\" data-element_type=\"column\" data-e-type=\"column\">\n\t\t\t<div class=\"elementor-widget-wrap elementor-element-populated\">\n\t\t\t\t\t\t<div class=\"elementor-element elementor-element-cd909f8 elementor-widget elementor-widget-text-editor\" data-id=\"cd909f8\" data-element_type=\"widget\" data-e-type=\"widget\" data-widget_type=\"text-editor.default\">\n\t\t\t\t<div class=\"elementor-widget-container\">\n\t\t\t\t\t\t\t\t\t<h5>1. Objetivo<\/h5><p>El presente documento establece la Pol\u00edtica de Seguridad de la Informaci\u00f3n de Primer<br \/>Impacto, S.L, con el fin de proteger sus activos de informaci\u00f3n y garantizar la<br \/>confidencialidad, integridad y disponibilidad de la informaci\u00f3n gestionada por la<br \/>organizaci\u00f3n.<\/p><h5>\u00a0<\/h5><h5>2. Alcance<\/h5><p>Esta pol\u00edtica aplica a todo el personal de Primer Impacto, S.L, incluyendo empleados,<br \/>contratistas, proveedores y cualquier persona que tenga acceso a los sistemas o<br \/>informaci\u00f3n de la organizaci\u00f3n.<\/p><h5>\u00a0<\/h5><h5>3. Compromiso de la direcci\u00f3n<\/h5><p>La Direcci\u00f3n de Primer Impacto, S.L manifiesta su compromiso con la seguridad de la informaci\u00f3n, destinando los recursos necesarios para garantizar el cumplimiento de<br \/>esta pol\u00edtica y su mejora continua<\/p><h5>\u00a0<\/h5><h5>4. Principios de seguridad de la informaci\u00f3n<\/h5><ul><li><strong>Confidencialidad:<\/strong> Solo las personas autorizadas tendr\u00e1n acceso a la informaci\u00f3n.<\/li><li><strong>Integridad:<\/strong> La informaci\u00f3n ser\u00e1 precisa, completa y estar\u00e1 protegida contra<br \/>modificaciones no autorizadas.<\/li><li><strong>Disponibilidad:<\/strong> La informaci\u00f3n estar\u00e1 disponible para su uso por los usuarios<br \/>autorizados cuando sea necesario.<\/li><li><strong>Cumplimiento:<\/strong> La organizaci\u00f3n cumplir\u00e1 con la legislaci\u00f3n vigente y los<br \/>requisitos contractuales aplicables en materia de seguridad de la informaci\u00f3n.<\/li><\/ul><p>\u00a0<\/p><h5>\u00a0<\/h5><h5>5. Obligaciones de los empleados y usuarios<\/h5><p>Todos los empleados y usuarios deben cumplir con esta pol\u00edtica y con los<br \/>procedimientos relacionados. Se espera que act\u00faen con responsabilidad y<br \/>comuniquen cualquier incidente o vulnerabilidad que detecten<\/p><h5>\u00a0<\/h5><h5>6. Medidas generales de seguridad<\/h5><p>Se implementar\u00e1n medidas t\u00e9cnicas y organizativas adecuadas para proteger la<br \/>informaci\u00f3n, incluyendo:<\/p><ul><li>Control de accesos.<\/li><li>Gesti\u00f3n segura de contrase\u00f1as.<\/li><li>Protecci\u00f3n frente a software malicioso.<\/li><\/ul><h5>\u00a0<\/h5><h5>7. Documentos complementarios<\/h5><p>Esta pol\u00edtica se complementa con documentos espec\u00edficos que desarrollan ciertos<br \/>aspectos de la seguridad de la informaci\u00f3n. En particular, se destaca:<\/p><ul><li>Pol\u00edtica Interna de Gesti\u00f3n del Correo Electr\u00f3nico y Acceso a Herramientas<br \/>Corporativas, que regula las condiciones de uso y acceso a los sistemas<br \/>corporativos y herramientas inform\u00e1ticas.<\/li><\/ul><p>\u00a0<\/p><p>Estos documentos son de obligado cumplimiento y forman parte del sistema de<br \/>gesti\u00f3n de la seguridad de la informaci\u00f3n de la empresa.<\/p><h5><br \/>8. Revisi\u00f3n y mejora continua<\/h5><p>Esta pol\u00edtica ser\u00e1 revisada al menos una vez al a\u00f1o o cuando se produzcan cambios<br \/>relevantes en la organizaci\u00f3n o en el entorno normativo.<\/p><h5>\u00a0<\/h5><h5>Aprova\u00e7\u00e3o e vig\u00eancia<\/h5><p>La siguiente Pol\u00edtica ha sido aprobada por el CEO el 30\/06\/2025 y entrar\u00e1 en vigor y estar\u00e1 vigente desde del d\u00eda siguiente de su comunicaci\u00f3n o difusi\u00f3n a los miembros<br \/>de Primer Impacto. Se realizar\u00e1n revisiones cuando sea necesario para cumplir con<br \/>cambios en las leyes y para asegurar su relevancia y eficacia.<\/p><p>\u00a0<\/p><h6>Firmado por el CEO<\/h6>\t\t\t\t\t\t\t\t<\/div>\n\t\t\t\t<\/div>\n\t\t\t\t\t<\/div>\n\t\t<\/div>\n\t\t\t\t\t<\/div>\n\t\t<\/section>\n\t\t\t\t<\/div>","protected":false},"excerpt":{"rendered":"<p>Pol\u00edtica Integral de Seguridad de la Informaci\u00f3n 1. Objetivo El presente documento establece la Pol\u00edtica de Seguridad de la Informaci\u00f3n de PrimerImpacto, S.L, con el fin de proteger sus activos de informaci\u00f3n y garantizar laconfidencialidad, integridad y disponibilidad de la informaci\u00f3n gestionada por laorganizaci\u00f3n. \u00a0 2. Alcance Esta pol\u00edtica aplica a todo el personal de [&hellip;]<\/p>","protected":false},"author":4,"featured_media":0,"parent":0,"menu_order":0,"comment_status":"closed","ping_status":"closed","template":"","meta":{"inline_featured_image":false,"footnotes":""},"class_list":["post-8191","page","type-page","status-publish","hentry"],"yoast_head":"<!-- This site is optimized with the Yoast SEO plugin v22.9 - https:\/\/yoast.com\/wordpress\/plugins\/seo\/ -->\n<title>Pol\u00edtica Integral de Seguridad de la Informaci\u00f3n - Primer impacto<\/title>\n<meta name=\"robots\" content=\"index, follow, max-snippet:-1, max-image-preview:large, max-video-preview:-1\" \/>\n<link rel=\"canonical\" href=\"https:\/\/primer-impacto.com\/pt\/politica-integral-de-seguridad-de-la-informacion\/\" \/>\n<meta property=\"og:locale\" content=\"pt_PT\" \/>\n<meta property=\"og:type\" content=\"article\" \/>\n<meta property=\"og:title\" content=\"Pol\u00edtica Integral de Seguridad de la Informaci\u00f3n - Primer impacto\" \/>\n<meta property=\"og:description\" content=\"Pol\u00edtica Integral de Seguridad de la Informaci\u00f3n 1. Objetivo El presente documento establece la Pol\u00edtica de Seguridad de la Informaci\u00f3n de PrimerImpacto, S.L, con el fin de proteger sus activos de informaci\u00f3n y garantizar laconfidencialidad, integridad y disponibilidad de la informaci\u00f3n gestionada por laorganizaci\u00f3n. \u00a0 2. Alcance Esta pol\u00edtica aplica a todo el personal de [&hellip;]\" \/>\n<meta property=\"og:url\" content=\"https:\/\/primer-impacto.com\/pt\/politica-integral-de-seguridad-de-la-informacion\/\" \/>\n<meta property=\"og:site_name\" content=\"Primer impacto\" \/>\n<meta property=\"article:modified_time\" content=\"2026-01-09T03:20:20+00:00\" \/>\n<meta name=\"twitter:card\" content=\"summary_large_image\" \/>\n<meta name=\"twitter:label1\" content=\"Tempo estimado de leitura\" \/>\n\t<meta name=\"twitter:data1\" content=\"2 minutos\" \/>\n<script type=\"application\/ld+json\" class=\"yoast-schema-graph\">{\"@context\":\"https:\/\/schema.org\",\"@graph\":[{\"@type\":\"WebPage\",\"@id\":\"https:\/\/primer-impacto.com\/politica-integral-de-seguridad-de-la-informacion\/\",\"url\":\"https:\/\/primer-impacto.com\/politica-integral-de-seguridad-de-la-informacion\/\",\"name\":\"Pol\u00edtica Integral de Seguridad de la Informaci\u00f3n - Primer impacto\",\"isPartOf\":{\"@id\":\"https:\/\/primer-impacto.com\/#website\"},\"datePublished\":\"2026-01-09T03:10:43+00:00\",\"dateModified\":\"2026-01-09T03:20:20+00:00\",\"breadcrumb\":{\"@id\":\"https:\/\/primer-impacto.com\/politica-integral-de-seguridad-de-la-informacion\/#breadcrumb\"},\"inLanguage\":\"pt-PT\",\"potentialAction\":[{\"@type\":\"ReadAction\",\"target\":[\"https:\/\/primer-impacto.com\/politica-integral-de-seguridad-de-la-informacion\/\"]}]},{\"@type\":\"BreadcrumbList\",\"@id\":\"https:\/\/primer-impacto.com\/politica-integral-de-seguridad-de-la-informacion\/#breadcrumb\",\"itemListElement\":[{\"@type\":\"ListItem\",\"position\":1,\"name\":\"Portada\",\"item\":\"https:\/\/primer-impacto.com\/\"},{\"@type\":\"ListItem\",\"position\":2,\"name\":\"Pol\u00edtica Integral de Seguridad de la Informaci\u00f3n\"}]},{\"@type\":\"WebSite\",\"@id\":\"https:\/\/primer-impacto.com\/#website\",\"url\":\"https:\/\/primer-impacto.com\/\",\"name\":\"Primer impacto\",\"description\":\"Especialistas en servicios en el Punto de Venta\",\"publisher\":{\"@id\":\"https:\/\/primer-impacto.com\/#organization\"},\"potentialAction\":[{\"@type\":\"SearchAction\",\"target\":{\"@type\":\"EntryPoint\",\"urlTemplate\":\"https:\/\/primer-impacto.com\/?s={search_term_string}\"},\"query-input\":\"required name=search_term_string\"}],\"inLanguage\":\"pt-PT\"},{\"@type\":\"Organization\",\"@id\":\"https:\/\/primer-impacto.com\/#organization\",\"name\":\"Primer Impacto\",\"url\":\"https:\/\/primer-impacto.com\/\",\"logo\":{\"@type\":\"ImageObject\",\"inLanguage\":\"pt-PT\",\"@id\":\"https:\/\/primer-impacto.com\/#\/schema\/logo\/image\/\",\"url\":\"https:\/\/primer-impacto.com\/wp-content\/uploads\/2022\/07\/logo_pi.png\",\"contentUrl\":\"https:\/\/primer-impacto.com\/wp-content\/uploads\/2022\/07\/logo_pi.png\",\"width\":377,\"height\":377,\"caption\":\"Primer Impacto\"},\"image\":{\"@id\":\"https:\/\/primer-impacto.com\/#\/schema\/logo\/image\/\"}}]}<\/script>\n<!-- \/ Yoast SEO plugin. -->","yoast_head_json":{"title":"Pol\u00edtica Integral de Seguridad de la Informaci\u00f3n - Primer impacto","robots":{"index":"index","follow":"follow","max-snippet":"max-snippet:-1","max-image-preview":"max-image-preview:large","max-video-preview":"max-video-preview:-1"},"canonical":"https:\/\/primer-impacto.com\/pt\/politica-integral-de-seguridad-de-la-informacion\/","og_locale":"pt_PT","og_type":"article","og_title":"Pol\u00edtica Integral de Seguridad de la Informaci\u00f3n - Primer impacto","og_description":"Pol\u00edtica Integral de Seguridad de la Informaci\u00f3n 1. Objetivo El presente documento establece la Pol\u00edtica de Seguridad de la Informaci\u00f3n de PrimerImpacto, S.L, con el fin de proteger sus activos de informaci\u00f3n y garantizar laconfidencialidad, integridad y disponibilidad de la informaci\u00f3n gestionada por laorganizaci\u00f3n. \u00a0 2. Alcance Esta pol\u00edtica aplica a todo el personal de [&hellip;]","og_url":"https:\/\/primer-impacto.com\/pt\/politica-integral-de-seguridad-de-la-informacion\/","og_site_name":"Primer impacto","article_modified_time":"2026-01-09T03:20:20+00:00","twitter_card":"summary_large_image","twitter_misc":{"Tempo estimado de leitura":"2 minutos"},"schema":{"@context":"https:\/\/schema.org","@graph":[{"@type":"WebPage","@id":"https:\/\/primer-impacto.com\/politica-integral-de-seguridad-de-la-informacion\/","url":"https:\/\/primer-impacto.com\/politica-integral-de-seguridad-de-la-informacion\/","name":"Pol\u00edtica Integral de Seguridad de la Informaci\u00f3n - Primer impacto","isPartOf":{"@id":"https:\/\/primer-impacto.com\/#website"},"datePublished":"2026-01-09T03:10:43+00:00","dateModified":"2026-01-09T03:20:20+00:00","breadcrumb":{"@id":"https:\/\/primer-impacto.com\/politica-integral-de-seguridad-de-la-informacion\/#breadcrumb"},"inLanguage":"pt-PT","potentialAction":[{"@type":"ReadAction","target":["https:\/\/primer-impacto.com\/politica-integral-de-seguridad-de-la-informacion\/"]}]},{"@type":"BreadcrumbList","@id":"https:\/\/primer-impacto.com\/politica-integral-de-seguridad-de-la-informacion\/#breadcrumb","itemListElement":[{"@type":"ListItem","position":1,"name":"Portada","item":"https:\/\/primer-impacto.com\/"},{"@type":"ListItem","position":2,"name":"Pol\u00edtica Integral de Seguridad de la Informaci\u00f3n"}]},{"@type":"WebSite","@id":"https:\/\/primer-impacto.com\/#website","url":"https:\/\/primer-impacto.com\/","name":"Primer impacto","description":"Especialistas en servicios en el Punto de Venta","publisher":{"@id":"https:\/\/primer-impacto.com\/#organization"},"potentialAction":[{"@type":"SearchAction","target":{"@type":"EntryPoint","urlTemplate":"https:\/\/primer-impacto.com\/?s={search_term_string}"},"query-input":"required name=search_term_string"}],"inLanguage":"pt-PT"},{"@type":"Organization","@id":"https:\/\/primer-impacto.com\/#organization","name":"Primer Impacto","url":"https:\/\/primer-impacto.com\/","logo":{"@type":"ImageObject","inLanguage":"pt-PT","@id":"https:\/\/primer-impacto.com\/#\/schema\/logo\/image\/","url":"https:\/\/primer-impacto.com\/wp-content\/uploads\/2022\/07\/logo_pi.png","contentUrl":"https:\/\/primer-impacto.com\/wp-content\/uploads\/2022\/07\/logo_pi.png","width":377,"height":377,"caption":"Primer Impacto"},"image":{"@id":"https:\/\/primer-impacto.com\/#\/schema\/logo\/image\/"}}]}},"_links":{"self":[{"href":"https:\/\/primer-impacto.com\/pt\/wp-json\/wp\/v2\/pages\/8191","targetHints":{"allow":["GET"]}}],"collection":[{"href":"https:\/\/primer-impacto.com\/pt\/wp-json\/wp\/v2\/pages"}],"about":[{"href":"https:\/\/primer-impacto.com\/pt\/wp-json\/wp\/v2\/types\/page"}],"author":[{"embeddable":true,"href":"https:\/\/primer-impacto.com\/pt\/wp-json\/wp\/v2\/users\/4"}],"replies":[{"embeddable":true,"href":"https:\/\/primer-impacto.com\/pt\/wp-json\/wp\/v2\/comments?post=8191"}],"version-history":[{"count":4,"href":"https:\/\/primer-impacto.com\/pt\/wp-json\/wp\/v2\/pages\/8191\/revisions"}],"predecessor-version":[{"id":8195,"href":"https:\/\/primer-impacto.com\/pt\/wp-json\/wp\/v2\/pages\/8191\/revisions\/8195"}],"wp:attachment":[{"href":"https:\/\/primer-impacto.com\/pt\/wp-json\/wp\/v2\/media?parent=8191"}],"curies":[{"name":"wp","href":"https:\/\/api.w.org\/{rel}","templated":true}]}}