{"id":3660,"date":"2022-07-18T20:00:31","date_gmt":"2022-07-18T20:00:31","guid":{"rendered":"https:\/\/primer-impacto.com\/?page_id=3660"},"modified":"2024-01-18T10:24:39","modified_gmt":"2024-01-18T10:24:39","slug":"politica-de-cookies","status":"publish","type":"page","link":"https:\/\/primer-impacto.com\/pt\/politica-de-cookies\/","title":{"rendered":"Pol\u00edtica de cookies"},"content":{"rendered":"<div data-elementor-type=\"wp-page\" data-elementor-id=\"3660\" class=\"elementor elementor-3660\" data-elementor-post-type=\"page\">\n\t\t\t\t\t\t<section class=\"elementor-section elementor-top-section elementor-element elementor-element-3e16bc4 elementor-section-boxed elementor-section-height-default elementor-section-height-default\" data-id=\"3e16bc4\" data-element_type=\"section\" data-e-type=\"section\" data-settings=\"{&quot;background_background&quot;:&quot;classic&quot;}\">\n\t\t\t\t\t\t\t<div class=\"elementor-background-overlay\"><\/div>\n\t\t\t\t\t\t\t<div class=\"elementor-container elementor-column-gap-default\">\n\t\t\t\t\t<div class=\"elementor-column elementor-col-100 elementor-top-column elementor-element elementor-element-620065b\" data-id=\"620065b\" data-element_type=\"column\" data-e-type=\"column\">\n\t\t\t<div class=\"elementor-widget-wrap elementor-element-populated\">\n\t\t\t\t\t\t<div class=\"elementor-element elementor-element-9d6fdd8 elementor-widget elementor-widget-heading\" data-id=\"9d6fdd8\" data-element_type=\"widget\" data-e-type=\"widget\" data-widget_type=\"heading.default\">\n\t\t\t\t<div class=\"elementor-widget-container\">\n\t\t\t\t\t<h2 class=\"elementor-heading-title elementor-size-default\"><span class=\"resaltadoHeader\"> Pol\u00edtica de cookies<\/span> <\/h2>\t\t\t\t<\/div>\n\t\t\t\t<\/div>\n\t\t\t\t\t<\/div>\n\t\t<\/div>\n\t\t\t\t\t<\/div>\n\t\t<\/section>\n\t\t\t\t<section class=\"elementor-section elementor-top-section elementor-element elementor-element-039cd5b elementor-section-boxed elementor-section-height-default elementor-section-height-default\" data-id=\"039cd5b\" data-element_type=\"section\" data-e-type=\"section\">\n\t\t\t\t\t\t<div class=\"elementor-container elementor-column-gap-default\">\n\t\t\t\t\t<div class=\"elementor-column elementor-col-100 elementor-top-column elementor-element elementor-element-efda060\" data-id=\"efda060\" data-element_type=\"column\" data-e-type=\"column\">\n\t\t\t<div class=\"elementor-widget-wrap elementor-element-populated\">\n\t\t\t\t\t\t<div class=\"elementor-element elementor-element-ef68502 elementor-widget elementor-widget-text-editor\" data-id=\"ef68502\" data-element_type=\"widget\" data-e-type=\"widget\" data-widget_type=\"text-editor.default\">\n\t\t\t\t<div class=\"elementor-widget-container\">\n\t\t\t\t\t\t\t\t\t<p>O objetivo desta pol\u00edtica de cookies \u00e9 informar de forma clara e precisa sobre os cookies utilizados no nosso site.<\/p>\n<p>Utilizamos cookies pr\u00f3prios e de terceiros para melhorar os nossos servi\u00e7os, personalizar o nosso site, facilitar a navega\u00e7\u00e3o dos nossos utilizadores, proporcionar-lhe uma melhor experi\u00eancia de utiliza\u00e7\u00e3o do site, identificar problemas para melhor\u00e1-lo, fazer medi\u00e7\u00f5es e estat\u00edsticas de utiliza\u00e7\u00e3o e mostrar-lhe publicidade . relacionadas \u00e0s suas prefer\u00eancias, analisando o uso do site.<\/p>\n<p>Informamos que podemos utilizar cookies no seu computador desde que o utilizador tenha dado o seu consentimento, exceto nos casos em que os cookies sejam necess\u00e1rios para a navega\u00e7\u00e3o no nosso website. Se nos der o seu consentimento, poderemos utilizar cookies que nos permitir\u00e3o saber mais sobre as suas prefer\u00eancias e personalizar o nosso website de acordo com os seus interesses individuais.<\/p>\n<p><b>O QUE S\u00c3O BOLINHOS?<\/b><\/p>\n<p>Cookies e outras tecnologias semelhantes, como objetos locais compartilhados, flash cookies ou pixels, s\u00e3o ferramentas utilizadas pelos servidores Web para armazenar e recuperar informa\u00e7\u00f5es sobre os seus visitantes, bem como para garantir o correto funcionamento do site.<\/p>\n<p><b>TIPOS DE BOLINHOS<\/b><\/p>\n<p><b>Tipos de cookies dependendo da entidade que os gere:<\/b><\/p>\n<ul>\n<li aria-level=\"1\">Cookies pr\u00f3prios: s\u00e3o aqueles que s\u00e3o enviados ao equipamento terminal do usu\u00e1rio a partir de um computador ou dom\u00ednio gerenciado pelo propriet\u00e1rio do site e a partir do qual \u00e9 prestado o servi\u00e7o solicitado pelo usu\u00e1rio.<\/li>\n<li aria-level=\"1\">Cookies de terceiros: s\u00e3o aqueles que s\u00e3o enviados ao equipamento terminal do utilizador a partir de um computador ou dom\u00ednio que n\u00e3o \u00e9 gerido pelo propriet\u00e1rio do site a partir do qual \u00e9 prestado o servi\u00e7o solicitado pelo utilizador, mas por outra entidade que processa os dados. obtidos atrav\u00e9s de cookies. Da mesma forma, caso os cookies sejam instalados a partir de um computador ou dom\u00ednio gerido pelo propriet\u00e1rio do site, mas a informa\u00e7\u00e3o recolhida atrav\u00e9s deles seja gerida por terceiros, tamb\u00e9m ser\u00e3o considerados cookies de terceiros.<\/li>\n<\/ul>\n<p><b>Tipos de cookies de acordo com a finalidade:<\/b><\/p>\n<ul>\n<li aria-level=\"1\">Cookies t\u00e9cnicos: s\u00e3o aqueles que permitem ao utilizador navegar atrav\u00e9s de uma p\u00e1gina web, plataforma ou aplica\u00e7\u00e3o e utilizar as diferentes op\u00e7\u00f5es ou servi\u00e7os nela existentes, incluindo aqueles que o editor utiliza para permitir a gest\u00e3o e funcionamento da p\u00e1gina e permitir. suas fun\u00e7\u00f5es e servi\u00e7os, como, por exemplo, controlar o tr\u00e1fego e a comunica\u00e7\u00e3o de dados, identificar a sess\u00e3o, acessar partes de acesso restrito, lembrar os elementos que comp\u00f5em um pedido, realizar o processo de compra de um pedido, gerenciar o pagamento, controlar fraudes vinculadas \u00e0 seguran\u00e7a do servi\u00e7o, efetuar um pedido de inscri\u00e7\u00e3o ou participa\u00e7\u00e3o num evento, contabilizar visitas para efeitos de fatura\u00e7\u00e3o de licen\u00e7as do software com o qual o servi\u00e7o funciona (site, plataforma ou aplica\u00e7\u00e3o), utilizar elementos de seguran\u00e7a durante a navega\u00e7\u00e3o, armazenar conte\u00fados para transmitir v\u00eddeos ou som, ativar conte\u00fado din\u00e2mico (por exemplo, anima\u00e7\u00e3o de carregamento de texto ou imagem) ou compartilhar conte\u00fado atrav\u00e9s de redes sociais<br>Tamb\u00e9m pertencem a esta categoria, pela sua natureza t\u00e9cnica, aqueles cookies que permitem a gest\u00e3o, da forma mais eficiente poss\u00edvel, dos espa\u00e7os publicit\u00e1rios que, como mais um elemento de design ou \u201clayout\u201d do servi\u00e7o oferecido ao utilizador, o editor incluiu em uma p\u00e1gina web, aplicativo ou plataforma com base em crit\u00e9rios como o conte\u00fado editado, sem coletar informa\u00e7\u00f5es dos usu\u00e1rios para outros fins, como personalizar esse conte\u00fado publicit\u00e1rio ou outro conte\u00fado.<\/li>\n<li aria-level=\"1\">Cookies de prefer\u00eancia ou personaliza\u00e7\u00e3o: s\u00e3o aqueles que permitem ao usu\u00e1rio lembrar informa\u00e7\u00f5es para que o usu\u00e1rio possa acessar o servi\u00e7o com determinadas caracter\u00edsticas que podem diferenciar sua experi\u00eancia da de outros usu\u00e1rios, como, por exemplo, o idioma, o n\u00famero de resultados a ser mostrado quando o usu\u00e1rio realiza uma pesquisa, a apar\u00eancia ou conte\u00fado do servi\u00e7o dependendo do tipo de navegador atrav\u00e9s do qual o usu\u00e1rio acessa o servi\u00e7o ou da regi\u00e3o a partir da qual o usu\u00e1rio acessa o servi\u00e7o, etc.<\/li>\n<li aria-level=\"1\">Cookies de an\u00e1lise ou medi\u00e7\u00e3o: s\u00e3o aqueles que permitem ao seu respons\u00e1vel monitorizar e analisar o comportamento dos utilizadores dos sites aos quais est\u00e3o vinculados, incluindo a quantifica\u00e7\u00e3o dos impactos dos an\u00fancios. A informa\u00e7\u00e3o recolhida atrav\u00e9s deste tipo de cookies \u00e9 utilizada para medir a atividade dos sites, aplica\u00e7\u00e3o ou plataforma, de forma a introduzir melhorias com base na an\u00e1lise dos dados de utiliza\u00e7\u00e3o efetuados pelos utilizadores do servi\u00e7o.<\/li>\n<li aria-level=\"1\">Cookies de publicidade comportamental: s\u00e3o aqueles que permitem a gest\u00e3o, da forma mais eficiente poss\u00edvel, dos espa\u00e7os publicit\u00e1rios do site. Estes cookies armazenam informa\u00e7\u00e3o sobre o comportamento do utilizador obtida atrav\u00e9s da observa\u00e7\u00e3o cont\u00ednua dos seus h\u00e1bitos de navega\u00e7\u00e3o, o que permite desenvolver um perfil espec\u00edfico para exibir publicidade com base nele.<\/li>\n<li aria-level=\"1\">Cookies de geolocaliza\u00e7\u00e3o: servem para saber onde um usu\u00e1rio est\u00e1 quando solicita um servi\u00e7o. Este cookie \u00e9 an\u00f3nimo e \u00e9 utilizado, por exemplo, para lhe oferecer informa\u00e7\u00f5es adequadas dependendo do pa\u00eds onde voc\u00ea est\u00e1 localizado.<\/li>\n<\/ul>\n<p><b>Tipos de cookies de acordo com o tempo que permanecem ativados:<\/b><\/p>\n<ul>\n<li aria-level=\"1\">Cookies de sess\u00e3o: s\u00e3o aqueles concebidos para recolher e armazenar dados enquanto o utilizador acede a uma p\u00e1gina web. Normalmente s\u00e3o utilizados para armazenar informa\u00e7\u00e3o que s\u00f3 tem interesse em guardar para a presta\u00e7\u00e3o do servi\u00e7o solicitado pelo utilizador numa \u00fanica ocasi\u00e3o (por exemplo, uma lista de produtos adquiridos) e desaparecem quando termina a sess\u00e3o.<\/li>\n<li aria-level=\"1\">Cookies persistentes: s\u00e3o aqueles em que os dados continuam armazenados no terminal e podem ser acessados \u200b\u200be processados \u200b\u200bpor um per\u00edodo definido pelo respons\u00e1vel pelo cookie, que pode variar de alguns minutos a v\u00e1rios anos.<\/li>\n<\/ul>\n<p><b>COOKIES UTILIZADOS NO NOSSO SITE<\/b><\/p>\n<p><img fetchpriority=\"high\" decoding=\"async\" src=\"https:\/\/primer-impacto.com\/wp-content\/uploads\/2022\/07\/Img-2020-11-01-a-las-12.16.25.png\" alt=\"\" width=\"880\" height=\"174\"><\/p>\n<p><b>COMO OS COOKIES S\u00c3O DESATIVADOS NOS NAVEGADORES?<\/b><\/p>\n<p>O utilizador pode, a qualquer momento, permitir, bloquear ou eliminar os cookies instalados no seu computador, modificando os par\u00e2metros de configura\u00e7\u00e3o do navegador instalado no seu computador:<\/p>\n<ul>\n<li aria-level=\"1\"><a href=\"https:\/\/support.google.com\/chrome\/answer\/95647?hl=es&amp;sc_ref_bbva=https:\/\/www.bbva.es\/sistema\/meta\/aviso-legal\/index.jsp\">Chrome<\/a> Configura\u00e7\u00f5es -&gt; Mostrar op\u00e7\u00f5es avan\u00e7adas -&gt; Privacidade -&gt; Configura\u00e7\u00f5es de conte\u00fado.\n<p>Para m\u00e1s informaci\u00f3n, puede consultar <a href=\"https:\/\/support.google.com\/chrome\/answer\/95647?hl=es&amp;ref_topic=3434352\">el soporte de Google<\/a> o la Ayuda del navegador.<\/p>\n<\/li>\n<li aria-level=\"1\"><a href=\"https:\/\/www.microsoft.com\/es-es\/edge\">Edge<\/a> Herramientas -&gt; Opciones de Internet -&gt; Privacidad -&gt; Configuraci\u00f3n.\n<p>Para m\u00e1s informaci\u00f3n, puede consultar <a href=\"http:\/\/windows.microsoft.com\/es-es\/internet-explorer\/delete-managecookies#ie=ie-11\">el soporte de Microsoft<\/a> o la Ayuda del navegador.<\/p>\n<\/li>\n<li aria-level=\"1\"><a href=\"http:\/\/support.mozilla.org\/es\/kb\/habilitar-y-deshabilitar-cookies-que-los-sitios-we?sc_ref_bbva=https:\/\/www.bbva.es\/sistema\/meta\/aviso-legal\/index.jsp\">Firefox<\/a>: Herramientas -&gt;Opciones -&gt; Privacidad -&gt; Historial -&gt; Configuraci\u00f3n Personalizada.\n<p>Para m\u00e1s informaci\u00f3n, puede consultar <a href=\"https:\/\/support.mozilla.org\/es\/\">el soporte de Mozilla<\/a> o la Ayuda del navegador.<\/p>\n<\/li>\n<li aria-level=\"1\"><a href=\"http:\/\/support.apple.com\/kb\/ph5042?sc_ref_bbva=https:\/\/www.bbva.es\/sistema\/meta\/aviso-legal\/index.jsp\">Safari<\/a> Preferencias -&gt; Seguridad.\n<p>Para m\u00e1s informaci\u00f3n, puede consultar <a href=\"https:\/\/support.apple.com\/es-es\/HT201265\">el soporte de Apple<\/a> o la Ayuda del navegador<\/p>\n<\/li>\n<\/ul>\n<p>A desativa\u00e7\u00e3o dos cookies n\u00e3o impede a navega\u00e7\u00e3o pelo site, embora a utiliza\u00e7\u00e3o de alguns dos seus servi\u00e7os possa ser limitada e, portanto, a sua experi\u00eancia de navega\u00e7\u00e3o poder\u00e1 ser menos satisfat\u00f3ria.<\/p>\n<p><b>RETIRAR CONSENTIMENTO<\/b><\/p>\n<p>O usu\u00e1rio poder\u00e1 retirar o seu consentimento relacionado \u00e0 Pol\u00edtica de Cookies a qualquer momento, podendo excluir os cookies armazenados em seu computador atrav\u00e9s das defini\u00e7\u00f5es e configura\u00e7\u00f5es do seu navegador de Internet, indicadas acima, bem como acessando nosso painel de configura\u00e7\u00e3o.<\/p>\n<p>Esta Pol\u00edtica de Cookies poder\u00e1 ser modificada quando exigido pela legisla\u00e7\u00e3o vigente, a qualquer momento ou quando houver alguma varia\u00e7\u00e3o no tipo de cookies utilizados no site. Por isso, recomendamos que reveja esta pol\u00edtica sempre que aceder ao nosso website para estar adequadamente informado sobre como e porqu\u00ea utilizamos cookies.<\/p>\t\t\t\t\t\t\t\t<\/div>\n\t\t\t\t<\/div>\n\t\t\t\t\t<\/div>\n\t\t<\/div>\n\t\t\t\t\t<\/div>\n\t\t<\/section>\n\t\t\t\t<\/div>","protected":false},"excerpt":{"rendered":"<p>Pol\u00edtica de cookies Esta pol\u00edtica de cookies tiene por finalidad informar de manera clara y precisa sobre las cookies que se utilizan en nuestra web. Utilizamos cookies propias y de terceros para mejorar nuestros servicios, personalizar nuestro sitio web, facilitar la navegaci\u00f3n de nuestros usuarios, proporcionarle una mejor experiencia en el uso del sitio web, [&hellip;]<\/p>","protected":false},"author":2,"featured_media":0,"parent":0,"menu_order":0,"comment_status":"closed","ping_status":"closed","template":"elementor_header_footer","meta":{"inline_featured_image":false,"footnotes":""},"class_list":["post-3660","page","type-page","status-publish","hentry"],"yoast_head":"<!-- This site is optimized with the Yoast SEO plugin v22.9 - https:\/\/yoast.com\/wordpress\/plugins\/seo\/ -->\n<title>Pol\u00edtica de cookies - Primer impacto<\/title>\n<meta name=\"robots\" content=\"noindex, follow\" \/>\n<meta property=\"og:locale\" content=\"pt_PT\" \/>\n<meta property=\"og:type\" content=\"article\" \/>\n<meta property=\"og:title\" content=\"Pol\u00edtica de cookies - Primer impacto\" \/>\n<meta property=\"og:description\" content=\"Pol\u00edtica de cookies Esta pol\u00edtica de cookies tiene por finalidad informar de manera clara y precisa sobre las cookies que se utilizan en nuestra web. Utilizamos cookies propias y de terceros para mejorar nuestros servicios, personalizar nuestro sitio web, facilitar la navegaci\u00f3n de nuestros usuarios, proporcionarle una mejor experiencia en el uso del sitio web, [&hellip;]\" \/>\n<meta property=\"og:url\" content=\"https:\/\/primer-impacto.com\/pt\/politica-de-cookies\/\" \/>\n<meta property=\"og:site_name\" content=\"Primer impacto\" \/>\n<meta property=\"article:modified_time\" content=\"2024-01-18T10:24:39+00:00\" \/>\n<meta property=\"og:image\" content=\"https:\/\/primer-impacto.com\/wp-content\/uploads\/2022\/07\/Img-2020-11-01-a-las-12.16.25.png\" \/>\n<meta name=\"twitter:card\" content=\"summary_large_image\" \/>\n<meta name=\"twitter:label1\" content=\"Tempo estimado de leitura\" \/>\n\t<meta name=\"twitter:data1\" content=\"7 minutos\" \/>\n<script type=\"application\/ld+json\" class=\"yoast-schema-graph\">{\"@context\":\"https:\/\/schema.org\",\"@graph\":[{\"@type\":\"WebPage\",\"@id\":\"https:\/\/primer-impacto.com\/politica-de-cookies\/\",\"url\":\"https:\/\/primer-impacto.com\/politica-de-cookies\/\",\"name\":\"Pol\u00edtica de cookies - Primer impacto\",\"isPartOf\":{\"@id\":\"https:\/\/primer-impacto.com\/#website\"},\"primaryImageOfPage\":{\"@id\":\"https:\/\/primer-impacto.com\/politica-de-cookies\/#primaryimage\"},\"image\":{\"@id\":\"https:\/\/primer-impacto.com\/politica-de-cookies\/#primaryimage\"},\"thumbnailUrl\":\"https:\/\/primer-impacto.com\/wp-content\/uploads\/2022\/07\/Img-2020-11-01-a-las-12.16.25.png\",\"datePublished\":\"2022-07-18T20:00:31+00:00\",\"dateModified\":\"2024-01-18T10:24:39+00:00\",\"breadcrumb\":{\"@id\":\"https:\/\/primer-impacto.com\/politica-de-cookies\/#breadcrumb\"},\"inLanguage\":\"pt-PT\",\"potentialAction\":[{\"@type\":\"ReadAction\",\"target\":[\"https:\/\/primer-impacto.com\/politica-de-cookies\/\"]}]},{\"@type\":\"ImageObject\",\"inLanguage\":\"pt-PT\",\"@id\":\"https:\/\/primer-impacto.com\/politica-de-cookies\/#primaryimage\",\"url\":\"https:\/\/primer-impacto.com\/wp-content\/uploads\/2022\/07\/Img-2020-11-01-a-las-12.16.25.png\",\"contentUrl\":\"https:\/\/primer-impacto.com\/wp-content\/uploads\/2022\/07\/Img-2020-11-01-a-las-12.16.25.png\"},{\"@type\":\"BreadcrumbList\",\"@id\":\"https:\/\/primer-impacto.com\/politica-de-cookies\/#breadcrumb\",\"itemListElement\":[{\"@type\":\"ListItem\",\"position\":1,\"name\":\"Portada\",\"item\":\"https:\/\/primer-impacto.com\/\"},{\"@type\":\"ListItem\",\"position\":2,\"name\":\"Pol\u00edtica de cookies\"}]},{\"@type\":\"WebSite\",\"@id\":\"https:\/\/primer-impacto.com\/#website\",\"url\":\"https:\/\/primer-impacto.com\/\",\"name\":\"Primer impacto\",\"description\":\"Especialistas en servicios en el Punto de Venta\",\"publisher\":{\"@id\":\"https:\/\/primer-impacto.com\/#organization\"},\"potentialAction\":[{\"@type\":\"SearchAction\",\"target\":{\"@type\":\"EntryPoint\",\"urlTemplate\":\"https:\/\/primer-impacto.com\/?s={search_term_string}\"},\"query-input\":\"required name=search_term_string\"}],\"inLanguage\":\"pt-PT\"},{\"@type\":\"Organization\",\"@id\":\"https:\/\/primer-impacto.com\/#organization\",\"name\":\"Primer Impacto\",\"url\":\"https:\/\/primer-impacto.com\/\",\"logo\":{\"@type\":\"ImageObject\",\"inLanguage\":\"pt-PT\",\"@id\":\"https:\/\/primer-impacto.com\/#\/schema\/logo\/image\/\",\"url\":\"https:\/\/primer-impacto.com\/wp-content\/uploads\/2022\/07\/logo_pi.png\",\"contentUrl\":\"https:\/\/primer-impacto.com\/wp-content\/uploads\/2022\/07\/logo_pi.png\",\"width\":377,\"height\":377,\"caption\":\"Primer Impacto\"},\"image\":{\"@id\":\"https:\/\/primer-impacto.com\/#\/schema\/logo\/image\/\"}}]}<\/script>\n<!-- \/ Yoast SEO plugin. -->","yoast_head_json":{"title":"Pol\u00edtica de cookies - Primer impacto","robots":{"index":"noindex","follow":"follow"},"og_locale":"pt_PT","og_type":"article","og_title":"Pol\u00edtica de cookies - Primer impacto","og_description":"Pol\u00edtica de cookies Esta pol\u00edtica de cookies tiene por finalidad informar de manera clara y precisa sobre las cookies que se utilizan en nuestra web. Utilizamos cookies propias y de terceros para mejorar nuestros servicios, personalizar nuestro sitio web, facilitar la navegaci\u00f3n de nuestros usuarios, proporcionarle una mejor experiencia en el uso del sitio web, [&hellip;]","og_url":"https:\/\/primer-impacto.com\/pt\/politica-de-cookies\/","og_site_name":"Primer impacto","article_modified_time":"2024-01-18T10:24:39+00:00","og_image":[{"url":"https:\/\/primer-impacto.com\/wp-content\/uploads\/2022\/07\/Img-2020-11-01-a-las-12.16.25.png"}],"twitter_card":"summary_large_image","twitter_misc":{"Tempo estimado de leitura":"7 minutos"},"schema":{"@context":"https:\/\/schema.org","@graph":[{"@type":"WebPage","@id":"https:\/\/primer-impacto.com\/politica-de-cookies\/","url":"https:\/\/primer-impacto.com\/politica-de-cookies\/","name":"Pol\u00edtica de cookies - Primer impacto","isPartOf":{"@id":"https:\/\/primer-impacto.com\/#website"},"primaryImageOfPage":{"@id":"https:\/\/primer-impacto.com\/politica-de-cookies\/#primaryimage"},"image":{"@id":"https:\/\/primer-impacto.com\/politica-de-cookies\/#primaryimage"},"thumbnailUrl":"https:\/\/primer-impacto.com\/wp-content\/uploads\/2022\/07\/Img-2020-11-01-a-las-12.16.25.png","datePublished":"2022-07-18T20:00:31+00:00","dateModified":"2024-01-18T10:24:39+00:00","breadcrumb":{"@id":"https:\/\/primer-impacto.com\/politica-de-cookies\/#breadcrumb"},"inLanguage":"pt-PT","potentialAction":[{"@type":"ReadAction","target":["https:\/\/primer-impacto.com\/politica-de-cookies\/"]}]},{"@type":"ImageObject","inLanguage":"pt-PT","@id":"https:\/\/primer-impacto.com\/politica-de-cookies\/#primaryimage","url":"https:\/\/primer-impacto.com\/wp-content\/uploads\/2022\/07\/Img-2020-11-01-a-las-12.16.25.png","contentUrl":"https:\/\/primer-impacto.com\/wp-content\/uploads\/2022\/07\/Img-2020-11-01-a-las-12.16.25.png"},{"@type":"BreadcrumbList","@id":"https:\/\/primer-impacto.com\/politica-de-cookies\/#breadcrumb","itemListElement":[{"@type":"ListItem","position":1,"name":"Portada","item":"https:\/\/primer-impacto.com\/"},{"@type":"ListItem","position":2,"name":"Pol\u00edtica de cookies"}]},{"@type":"WebSite","@id":"https:\/\/primer-impacto.com\/#website","url":"https:\/\/primer-impacto.com\/","name":"Primer impacto","description":"Especialistas en servicios en el Punto de Venta","publisher":{"@id":"https:\/\/primer-impacto.com\/#organization"},"potentialAction":[{"@type":"SearchAction","target":{"@type":"EntryPoint","urlTemplate":"https:\/\/primer-impacto.com\/?s={search_term_string}"},"query-input":"required name=search_term_string"}],"inLanguage":"pt-PT"},{"@type":"Organization","@id":"https:\/\/primer-impacto.com\/#organization","name":"Primer Impacto","url":"https:\/\/primer-impacto.com\/","logo":{"@type":"ImageObject","inLanguage":"pt-PT","@id":"https:\/\/primer-impacto.com\/#\/schema\/logo\/image\/","url":"https:\/\/primer-impacto.com\/wp-content\/uploads\/2022\/07\/logo_pi.png","contentUrl":"https:\/\/primer-impacto.com\/wp-content\/uploads\/2022\/07\/logo_pi.png","width":377,"height":377,"caption":"Primer Impacto"},"image":{"@id":"https:\/\/primer-impacto.com\/#\/schema\/logo\/image\/"}}]}},"_links":{"self":[{"href":"https:\/\/primer-impacto.com\/pt\/wp-json\/wp\/v2\/pages\/3660","targetHints":{"allow":["GET"]}}],"collection":[{"href":"https:\/\/primer-impacto.com\/pt\/wp-json\/wp\/v2\/pages"}],"about":[{"href":"https:\/\/primer-impacto.com\/pt\/wp-json\/wp\/v2\/types\/page"}],"author":[{"embeddable":true,"href":"https:\/\/primer-impacto.com\/pt\/wp-json\/wp\/v2\/users\/2"}],"replies":[{"embeddable":true,"href":"https:\/\/primer-impacto.com\/pt\/wp-json\/wp\/v2\/comments?post=3660"}],"version-history":[{"count":10,"href":"https:\/\/primer-impacto.com\/pt\/wp-json\/wp\/v2\/pages\/3660\/revisions"}],"predecessor-version":[{"id":6821,"href":"https:\/\/primer-impacto.com\/pt\/wp-json\/wp\/v2\/pages\/3660\/revisions\/6821"}],"wp:attachment":[{"href":"https:\/\/primer-impacto.com\/pt\/wp-json\/wp\/v2\/media?parent=3660"}],"curies":[{"name":"wp","href":"https:\/\/api.w.org\/{rel}","templated":true}]}}