{"id":3655,"date":"2022-07-18T19:53:18","date_gmt":"2022-07-18T19:53:18","guid":{"rendered":"https:\/\/primer-impacto.com\/?page_id=3655"},"modified":"2026-04-16T03:36:16","modified_gmt":"2026-04-16T03:36:16","slug":"politica-de-privacidad-web","status":"publish","type":"page","link":"https:\/\/primer-impacto.com\/pt\/politica-de-privacidad-web\/","title":{"rendered":"Pol\u00edtica de privacidade na web"},"content":{"rendered":"<div data-elementor-type=\"wp-page\" data-elementor-id=\"3655\" class=\"elementor elementor-3655\" data-elementor-post-type=\"page\">\n\t\t\t\t\t\t<section class=\"elementor-section elementor-top-section elementor-element elementor-element-301e649 elementor-section-boxed elementor-section-height-default elementor-section-height-default\" data-id=\"301e649\" data-element_type=\"section\" data-e-type=\"section\" data-settings=\"{&quot;background_background&quot;:&quot;classic&quot;}\">\n\t\t\t\t\t\t\t<div class=\"elementor-background-overlay\"><\/div>\n\t\t\t\t\t\t\t<div class=\"elementor-container elementor-column-gap-default\">\n\t\t\t\t\t<div class=\"elementor-column elementor-col-100 elementor-top-column elementor-element elementor-element-659da2f\" data-id=\"659da2f\" data-element_type=\"column\" data-e-type=\"column\">\n\t\t\t<div class=\"elementor-widget-wrap elementor-element-populated\">\n\t\t\t\t\t\t<div class=\"elementor-element elementor-element-9442018 elementor-widget elementor-widget-heading\" data-id=\"9442018\" data-element_type=\"widget\" data-e-type=\"widget\" data-widget_type=\"heading.default\">\n\t\t\t\t<div class=\"elementor-widget-container\">\n\t\t\t\t\t<h2 class=\"elementor-heading-title elementor-size-default\"><span class=\"resaltadoHeader\"> Pol\u00edtica de privacidade na web<\/span> <\/h2>\t\t\t\t<\/div>\n\t\t\t\t<\/div>\n\t\t\t\t\t<\/div>\n\t\t<\/div>\n\t\t\t\t\t<\/div>\n\t\t<\/section>\n\t\t\t\t<section class=\"elementor-section elementor-top-section elementor-element elementor-element-a3e134a elementor-section-boxed elementor-section-height-default elementor-section-height-default\" data-id=\"a3e134a\" data-element_type=\"section\" data-e-type=\"section\">\n\t\t\t\t\t\t<div class=\"elementor-container elementor-column-gap-default\">\n\t\t\t\t\t<div class=\"elementor-column elementor-col-100 elementor-top-column elementor-element elementor-element-878de66\" data-id=\"878de66\" data-element_type=\"column\" data-e-type=\"column\">\n\t\t\t<div class=\"elementor-widget-wrap elementor-element-populated\">\n\t\t\t\t\t\t<div class=\"elementor-element elementor-element-9f74827 elementor-widget elementor-widget-text-editor\" data-id=\"9f74827\" data-element_type=\"widget\" data-e-type=\"widget\" data-widget_type=\"text-editor.default\">\n\t\t\t\t<div class=\"elementor-widget-container\">\n\t\t\t\t\t\t\t\t\t<p><b>Controlador de dados<\/b><\/p><p>A empresa respons\u00e1vel pelo tratamento dos seus dados ao abrigo da presente Pol\u00edtica de Privacidade \u00e9:<\/p><p>PRIMER IMPACTO, S.L.<br \/>NIF: B63947493<br \/>Morada: Rua Hermano Neves, n\u00ba 18, Piso 3, E7. Distrito: Lisboa Concelho: Lisboa Freguesia: Lumiar. 1600 477 Lisboa<br \/>Direcci\u00f3n de correo electr\u00f3nico: info@primer-impacto.com<br \/>Web: primer-impacto.com<br \/>Telefone: +351215831147<br \/>Inscrita no Registro Comercial de Barcelona, no Tomo 37853, Folha 100, N\u00famero da Ficha B315469.<\/p><p>Na PRIMER IMPACTO, S.L., reconhecemos a import\u00e2ncia de proteger a sua informa\u00e7\u00e3o pessoal e estamos empenhados em trat\u00e1-la de forma respons\u00e1vel e de acordo com as leis de prote\u00e7\u00e3o de dados.<\/p><p>Esta pol\u00edtica de privacidade visa regular todos os aspetos relacionados com o tratamento de dados dos diferentes utilizadores que navegam ou fornecem os seus dados pessoais atrav\u00e9s dos diferentes formul\u00e1rios localizados no site.<\/p><p><b>Dados Pessoais<\/b><\/p><p>Os dados pessoais s\u00e3o informa\u00e7\u00f5es que o identificam ou o tornam identific\u00e1vel. Atrav\u00e9s do site, nas caixas estabelecidas para o efeito, recolhemos os dados pessoais que o utilizador nos comunica: nome, apelido, email, telefone, morada postal, localidade, etc., bem como todos os dados que o utilizador voluntariamente nos fornece atrav\u00e9s de qualquer uma das redes sociais nas quais o utilizador est\u00e1 registado. Neste caso, a privacidade depender\u00e1 das defini\u00e7\u00f5es estabelecidas pelo utilizador, bem como dos termos e condi\u00e7\u00f5es da pr\u00f3pria rede social.<\/p><p>A visita do utilizador ao site n\u00e3o implica que tenha de fornecer qualquer informa\u00e7\u00e3o sobre os seus dados pessoais. No entanto, caso sejam fornecidos, os dados ser\u00e3o tratados de forma l\u00edcita, sempre sujeitos aos princ\u00edpios e direitos constantes do RGPD 2016\/679 de 27 de abril de 2016 e do LOPDGDD 3\/2018 de 5 de dezembro.<\/p><p><b>Finalidade, dura\u00e7\u00e3o e legitimidade do tratamento:<\/b><\/p><p>Processaremos os dados que o utilizador nos fornecer para as seguintes finalidades:<\/p><ul><li aria-level=\"1\">Responder ao pedido ou solicita\u00e7\u00e3o feita pelo utilizador atrav\u00e9s do <b>formul\u00e1rio de contacto<\/b> localizado na web. Recolhemos e tratamos os dados pessoais do utilizador para podermos processar e gerir o seu pedido, consulta ou qualquer pedido que fa\u00e7a atrav\u00e9s do referido formul\u00e1rio. Conservaremos estes dados durante o tempo necess\u00e1rio para cumprir o seu pedido e durante o tempo estabelecido na lei com uma dura\u00e7\u00e3o m\u00ednima de 3 anos.<\/li><\/ul><p>A base para a legitima\u00e7\u00e3o do tratamento de dados ser\u00e1 o consentimento dado pelo utilizador ao selecionar a caixa de aceita\u00e7\u00e3o da nossa pol\u00edtica de privacidade antes de enviar o pedido. O utilizador tem o direito de revogar o seu consentimento a qualquer momento sem afetar a legalidade do tratamento baseado no consentimento anterior \u00e0 sua retirada.<\/p><ul><li aria-level=\"1\">Melhore a sua experi\u00eancia ao navegar na web. Conservaremos estes dados enquanto o utilizador n\u00e3o revogar o seu consentimento para o seu tratamento atrav\u00e9s da elimina\u00e7\u00e3o dos cookies e pelo tempo estabelecido na lei com uma dura\u00e7\u00e3o m\u00ednima de 3 anos.<\/li><\/ul><p>A base de legitimidade para melhorar a sua experi\u00eancia de navega\u00e7\u00e3o no site \u00e9 o consentimento dado pelo utilizador ao aceitar cookies. O utilizador tem o direito de revogar o seu consentimento a qualquer momento sem afetar a legalidade do tratamento baseado no consentimento anterior \u00e0 sua retirada.<\/p><ul><li>Gerir as nossas redes sociais e enviar-lhe informa\u00e7\u00e3o sobre as nossas atividades e produtos. Conservaremos estes dados enquanto o utilizador n\u00e3o revogar o seu consentimento para o seu tratamento e pelo tempo estabelecido na lei com uma dura\u00e7\u00e3o m\u00ednima de 3 anos.<\/li><\/ul><p>A base leg\u00edtima para gerir as nossas redes sociais e enviar-lhe as nossas atividades e not\u00edcias \u00e9 o consentimento que nos d\u00e1 para o fazer. O utilizador tem o direito de revogar o seu consentimento a qualquer momento sem afetar a legalidade do tratamento baseado no consentimento anterior \u00e0 sua retirada.<\/p><ul><li>Enviar boletins e newsletters sobre PRIMER IMPACTO, S.L. Com o consentimento do utilizador, recolhemos e tratamos os seus dados pessoais para lhe podermos enviar informa\u00e7\u00f5es sobre os nossos produtos e servi\u00e7os. Conservaremos estes dados enquanto o utilizador n\u00e3o revogar o seu consentimento para o seu tratamento e pelo tempo estabelecido na lei com uma dura\u00e7\u00e3o m\u00ednima de 3 anos.<\/li><\/ul><p>A base para legitimar o tratamento de dados ser\u00e1 o consentimento dado pelo utilizador ao selecionar a caixa de aceita\u00e7\u00e3o da nossa pol\u00edtica de privacidade antes de subscrever a newsletter no formul\u00e1rio habilitado para o efeito no site. O utilizador tem o direito de revogar o seu consentimento a qualquer momento sem afetar a legalidade do tratamento baseado no consentimento anterior \u00e0 sua retirada.<\/p><ul><li>Gerir o curr\u00edculo enviado pelo interessado atrav\u00e9s do formul\u00e1rio habilitado para o efeito e inclu\u00ed-lo na base de dados de candidatos da empresa. Estes dados ser\u00e3o tratados pelo per\u00edodo m\u00e1ximo de um ano, findo o qual os dados ser\u00e3o bloqueados pelo tempo legalmente estabelecido, garantindo o total respeito pela confidencialidade tanto no tratamento como na sua posterior destrui\u00e7\u00e3o.<\/li><\/ul><p>A base leg\u00edtima para a gest\u00e3o e tratamento do curr\u00edculo do interessado \u00e9 o seu consentimento, que se expressa realizando uma a\u00e7\u00e3o afirmativa para o enviar e selecionando a caixa de aceita\u00e7\u00e3o da nossa pol\u00edtica de privacidade antes de o enviar. O utilizador tem o direito de revogar o seu consentimento a qualquer momento sem afetar a legalidade do tratamento baseado no consentimento anterior \u00e0 sua retirada.<\/p><p><b>Transfer\u00eancia ou comunica\u00e7\u00e3o de dados pessoais<\/b><\/p><p>Os seus dados n\u00e3o ser\u00e3o comunicados ou transferidos a terceiros, a menos que exista alguma obriga\u00e7\u00e3o legal ou \u00e0s empresas do grupo para fins administrativos e de gest\u00e3o interna que atuar\u00e3o como Processadores de Dados.<\/p><p><b>Transfer\u00eancias internacionais<\/b><\/p><p>Na PRIMER IMPACTO, S.L. Tratamos os seus dados dentro do Espa\u00e7o Econ\u00f3mico Europeu e, em geral, contratamos prestadores de servi\u00e7os tamb\u00e9m localizados dentro do Espa\u00e7o Econ\u00f3mico Europeu ou em pa\u00edses que foram declarados com um n\u00edvel de prote\u00e7\u00e3o adequado.<\/p><p>Se necessitarmos de recorrer a prestadores de servi\u00e7os que efetuem tratamento fora do Espa\u00e7o Econ\u00f3mico Europeu ou em pa\u00edses que n\u00e3o tenham sido declarados com um n\u00edvel de prote\u00e7\u00e3o adequado, garantiremos a seguran\u00e7a e a legitimidade do tratamento dos seus dados atrav\u00e9s de decis\u00f5es de adequa\u00e7\u00e3o, cl\u00e1usulas padr\u00e3o , normas corporativas vinculativas, exce\u00e7\u00f5es ou qualquer outro instrumento aprovado pela autoridade de supervis\u00e3o que ofere\u00e7a garantias adequadas para a realiza\u00e7\u00e3o da transfer\u00eancia internacional de dados.<\/p><p><b>Atualiza\u00e7\u00e3o de dados<\/b><\/p><p>\u00c9 importante que para que possamos manter os dados pessoais atualizados, o utilizador nos informe sempre que tenha havido alguma modifica\u00e7\u00e3o nos mesmos, caso contr\u00e1rio, n\u00e3o nos responsabilizamos pela sua veracidade.<\/p><p>O utilizador garante que os dados pessoais fornecidos s\u00e3o verdadeiros, garantindo que toda a informa\u00e7\u00e3o fornecida corresponde \u00e0 situa\u00e7\u00e3o real, que \u00e9 actual e precisa, e obriga-se a comunicar qualquer modifica\u00e7\u00e3o.<\/p><p><b>Dados de terceiros<\/b><\/p><p>Se o utilizador fornecer dados de terceiros para qualquer finalidade \u00e0 PRIMER IMPACTO, S.L., garante que obteve esses dados de forma l\u00edcita, que informou previamente os afetados, obtendo o seu consentimento para os comunicar e que as informa\u00e7\u00f5es fornecidas s\u00e3o exatas e verdadeiras.<\/p><p><b>Car\u00e1cter obrigat\u00f3rio das informa\u00e7\u00f5es solicitadas<\/b><\/p><p>Todos os nossos formul\u00e1rios t\u00eam um asterisco (*) nos dados obrigat\u00f3rios. Caso o utilizador n\u00e3o forne\u00e7a estes campos, ou n\u00e3o marque a caixa para aceitar a pol\u00edtica de privacidade, o envio da informa\u00e7\u00e3o n\u00e3o ser\u00e1 permitido.<\/p><p><b>Direitos das partes interessadas:<\/b><\/p><p>Tem o direito de aceder aos seus dados e obter a confirma\u00e7\u00e3o do seu tratamento, bem como uma c\u00f3pia dos dados pessoais que est\u00e3o a ser tratados. Tem o direito de os atualizar e solicitar a retifica\u00e7\u00e3o dos dados inexatos ou solicitar a elimina\u00e7\u00e3o quando os dados n\u00e3o forem necess\u00e1rios para os fins para os quais foram recolhidos. Pode solicitar a limita\u00e7\u00e3o do tratamento dos seus dados e opor-se ao seu tratamento, revogando o seu consentimento, bem como exercer o direito \u00e0 portabilidade dos dados. Da mesma forma, tem o direito de n\u00e3o estar sujeito a decis\u00f5es baseadas exclusivamente no tratamento automatizado dos seus dados pessoais. Poder\u00e1 exercer os seus direitos contactando-nos Rua Hermano Neves, n\u00ba 18, Piso 3, E7. Distrito: Lisboa Concelho: Lisboa Freguesia: Lumiar. 1600 477 Lisboa. E-mail: info@primer-impacto.com. Dados de contacto do respons\u00e1vel pela prote\u00e7\u00e3o de dados: Data Protection Datax, SL, \u2013 dpo@primer-impacto.com<\/p><p>Se considerar que os seus direitos n\u00e3o foram devidamente respeitados, tem o direito de apresentar uma reclama\u00e7\u00e3o junto da Autoridade de Controlo em www.aepd.es<\/p><p><b>Tratamento de dados de menores<\/b><\/p><p>Quem fornece os dados atrav\u00e9s dos formul\u00e1rios deste site e aceita o seu tratamento declara ser maior de 14 anos, sendo proibido o acesso e utiliza\u00e7\u00e3o do portal a menores de idade. Se a qualquer momento o Controlador detectar que um menor de 14 anos forneceu dados pessoais, procederemos ao cancelamento dos mesmos. Da mesma forma, os pais ou tutores poder\u00e3o, em qualquer caso, contactar a PRIMER IMPACTO, S.L. bloquear a conta de acesso de menores sob seus cuidados que se tenham registado falsificando a sua identidade.<\/p><p><b>Tratamento de biscoitos<\/b><\/p><p>Um cookie \u00e9 um pequeno arquivo que \u00e9 baixado e armazenado no computador do usu\u00e1rio quando ele acessa uma p\u00e1gina web. Os cookies permitem ao site, entre outras coisas, armazenar e recuperar informa\u00e7\u00e3o sobre os h\u00e1bitos de navega\u00e7\u00e3o do utilizador ou do seu equipamento e, dependendo da informa\u00e7\u00e3o que contenham e da forma como utiliza o seu equipamento, podem ser utilizados para reconhecer o utilizador.<\/p><p>O usu\u00e1rio tem a op\u00e7\u00e3o de impedir a gera\u00e7\u00e3o de cookies selecionando a op\u00e7\u00e3o correspondente no seu programa de navega\u00e7\u00e3o. Voc\u00ea pode aprender mais lendo nosso <a href=\"https:\/\/primer-impacto.com\/pt\/politica-de-cookies\/\">Pol\u00edtica de Cookies<\/a>.<\/p><p><b>\u00daltima revisi\u00f3n: 15\/04\/2026<\/b><\/p>\t\t\t\t\t\t\t\t<\/div>\n\t\t\t\t<\/div>\n\t\t\t\t\t<\/div>\n\t\t<\/div>\n\t\t\t\t\t<\/div>\n\t\t<\/section>\n\t\t\t\t<\/div>","protected":false},"excerpt":{"rendered":"<p>Pol\u00edtica de privacidad web Responsable del Tratamiento La empresa responsable del tratamiento de sus datos en virtud de esta Pol\u00edtica de privacidad es: PRIMER IMPACTO, S.L.NIF: B63947493Domicilio: Avda. Maresme 44-46, 2 planta &#8211; 08918 Badalona (Barcelona)Direcci\u00f3n de correo electr\u00f3nico: info@primer-impacto.comWeb: primer-impacto.comTel\u00e9fono: 934607775Inscrita en el Registro Mercantil de Barcelona, en el Tomo 37853, Folio 100, Hoja [&hellip;]<\/p>","protected":false},"author":2,"featured_media":0,"parent":0,"menu_order":0,"comment_status":"closed","ping_status":"closed","template":"elementor_header_footer","meta":{"inline_featured_image":false,"footnotes":""},"class_list":["post-3655","page","type-page","status-publish","hentry"],"yoast_head":"<!-- This site is optimized with the Yoast SEO plugin v22.9 - https:\/\/yoast.com\/wordpress\/plugins\/seo\/ -->\n<title>Pol\u00edtica de privacidad web - Primer impacto<\/title>\n<meta name=\"robots\" content=\"noindex, follow\" \/>\n<meta property=\"og:locale\" content=\"pt_PT\" \/>\n<meta property=\"og:type\" content=\"article\" \/>\n<meta property=\"og:title\" content=\"Pol\u00edtica de privacidad web - Primer impacto\" \/>\n<meta property=\"og:description\" content=\"Pol\u00edtica de privacidad web Responsable del Tratamiento La empresa responsable del tratamiento de sus datos en virtud de esta Pol\u00edtica de privacidad es: PRIMER IMPACTO, S.L.NIF: B63947493Domicilio: Avda. Maresme 44-46, 2 planta &#8211; 08918 Badalona (Barcelona)Direcci\u00f3n de correo electr\u00f3nico: info@primer-impacto.comWeb: primer-impacto.comTel\u00e9fono: 934607775Inscrita en el Registro Mercantil de Barcelona, en el Tomo 37853, Folio 100, Hoja [&hellip;]\" \/>\n<meta property=\"og:url\" content=\"https:\/\/primer-impacto.com\/pt\/politica-de-privacidad-web\/\" \/>\n<meta property=\"og:site_name\" content=\"Primer impacto\" \/>\n<meta property=\"article:modified_time\" content=\"2026-04-16T03:36:16+00:00\" \/>\n<meta name=\"twitter:card\" content=\"summary_large_image\" \/>\n<meta name=\"twitter:label1\" content=\"Tempo estimado de leitura\" \/>\n\t<meta name=\"twitter:data1\" content=\"8 minutos\" \/>\n<script type=\"application\/ld+json\" class=\"yoast-schema-graph\">{\"@context\":\"https:\/\/schema.org\",\"@graph\":[{\"@type\":\"WebPage\",\"@id\":\"https:\/\/primer-impacto.com\/politica-de-privacidad-web\/\",\"url\":\"https:\/\/primer-impacto.com\/politica-de-privacidad-web\/\",\"name\":\"Pol\u00edtica de privacidad web - Primer impacto\",\"isPartOf\":{\"@id\":\"https:\/\/primer-impacto.com\/#website\"},\"datePublished\":\"2022-07-18T19:53:18+00:00\",\"dateModified\":\"2026-04-16T03:36:16+00:00\",\"breadcrumb\":{\"@id\":\"https:\/\/primer-impacto.com\/politica-de-privacidad-web\/#breadcrumb\"},\"inLanguage\":\"pt-PT\",\"potentialAction\":[{\"@type\":\"ReadAction\",\"target\":[\"https:\/\/primer-impacto.com\/politica-de-privacidad-web\/\"]}]},{\"@type\":\"BreadcrumbList\",\"@id\":\"https:\/\/primer-impacto.com\/politica-de-privacidad-web\/#breadcrumb\",\"itemListElement\":[{\"@type\":\"ListItem\",\"position\":1,\"name\":\"Portada\",\"item\":\"https:\/\/primer-impacto.com\/\"},{\"@type\":\"ListItem\",\"position\":2,\"name\":\"Pol\u00edtica de privacidad web\"}]},{\"@type\":\"WebSite\",\"@id\":\"https:\/\/primer-impacto.com\/#website\",\"url\":\"https:\/\/primer-impacto.com\/\",\"name\":\"Primer impacto\",\"description\":\"Especialistas en servicios en el Punto de Venta\",\"publisher\":{\"@id\":\"https:\/\/primer-impacto.com\/#organization\"},\"potentialAction\":[{\"@type\":\"SearchAction\",\"target\":{\"@type\":\"EntryPoint\",\"urlTemplate\":\"https:\/\/primer-impacto.com\/?s={search_term_string}\"},\"query-input\":\"required name=search_term_string\"}],\"inLanguage\":\"pt-PT\"},{\"@type\":\"Organization\",\"@id\":\"https:\/\/primer-impacto.com\/#organization\",\"name\":\"Primer Impacto\",\"url\":\"https:\/\/primer-impacto.com\/\",\"logo\":{\"@type\":\"ImageObject\",\"inLanguage\":\"pt-PT\",\"@id\":\"https:\/\/primer-impacto.com\/#\/schema\/logo\/image\/\",\"url\":\"https:\/\/primer-impacto.com\/wp-content\/uploads\/2022\/07\/logo_pi.png\",\"contentUrl\":\"https:\/\/primer-impacto.com\/wp-content\/uploads\/2022\/07\/logo_pi.png\",\"width\":377,\"height\":377,\"caption\":\"Primer Impacto\"},\"image\":{\"@id\":\"https:\/\/primer-impacto.com\/#\/schema\/logo\/image\/\"}}]}<\/script>\n<!-- \/ Yoast SEO plugin. -->","yoast_head_json":{"title":"Pol\u00edtica de privacidad web - Primer impacto","robots":{"index":"noindex","follow":"follow"},"og_locale":"pt_PT","og_type":"article","og_title":"Pol\u00edtica de privacidad web - Primer impacto","og_description":"Pol\u00edtica de privacidad web Responsable del Tratamiento La empresa responsable del tratamiento de sus datos en virtud de esta Pol\u00edtica de privacidad es: PRIMER IMPACTO, S.L.NIF: B63947493Domicilio: Avda. Maresme 44-46, 2 planta &#8211; 08918 Badalona (Barcelona)Direcci\u00f3n de correo electr\u00f3nico: info@primer-impacto.comWeb: primer-impacto.comTel\u00e9fono: 934607775Inscrita en el Registro Mercantil de Barcelona, en el Tomo 37853, Folio 100, Hoja [&hellip;]","og_url":"https:\/\/primer-impacto.com\/pt\/politica-de-privacidad-web\/","og_site_name":"Primer impacto","article_modified_time":"2026-04-16T03:36:16+00:00","twitter_card":"summary_large_image","twitter_misc":{"Tempo estimado de leitura":"8 minutos"},"schema":{"@context":"https:\/\/schema.org","@graph":[{"@type":"WebPage","@id":"https:\/\/primer-impacto.com\/politica-de-privacidad-web\/","url":"https:\/\/primer-impacto.com\/politica-de-privacidad-web\/","name":"Pol\u00edtica de privacidad web - Primer impacto","isPartOf":{"@id":"https:\/\/primer-impacto.com\/#website"},"datePublished":"2022-07-18T19:53:18+00:00","dateModified":"2026-04-16T03:36:16+00:00","breadcrumb":{"@id":"https:\/\/primer-impacto.com\/politica-de-privacidad-web\/#breadcrumb"},"inLanguage":"pt-PT","potentialAction":[{"@type":"ReadAction","target":["https:\/\/primer-impacto.com\/politica-de-privacidad-web\/"]}]},{"@type":"BreadcrumbList","@id":"https:\/\/primer-impacto.com\/politica-de-privacidad-web\/#breadcrumb","itemListElement":[{"@type":"ListItem","position":1,"name":"Portada","item":"https:\/\/primer-impacto.com\/"},{"@type":"ListItem","position":2,"name":"Pol\u00edtica de privacidad web"}]},{"@type":"WebSite","@id":"https:\/\/primer-impacto.com\/#website","url":"https:\/\/primer-impacto.com\/","name":"Primer impacto","description":"Especialistas en servicios en el Punto de Venta","publisher":{"@id":"https:\/\/primer-impacto.com\/#organization"},"potentialAction":[{"@type":"SearchAction","target":{"@type":"EntryPoint","urlTemplate":"https:\/\/primer-impacto.com\/?s={search_term_string}"},"query-input":"required name=search_term_string"}],"inLanguage":"pt-PT"},{"@type":"Organization","@id":"https:\/\/primer-impacto.com\/#organization","name":"Primer Impacto","url":"https:\/\/primer-impacto.com\/","logo":{"@type":"ImageObject","inLanguage":"pt-PT","@id":"https:\/\/primer-impacto.com\/#\/schema\/logo\/image\/","url":"https:\/\/primer-impacto.com\/wp-content\/uploads\/2022\/07\/logo_pi.png","contentUrl":"https:\/\/primer-impacto.com\/wp-content\/uploads\/2022\/07\/logo_pi.png","width":377,"height":377,"caption":"Primer Impacto"},"image":{"@id":"https:\/\/primer-impacto.com\/#\/schema\/logo\/image\/"}}]}},"_links":{"self":[{"href":"https:\/\/primer-impacto.com\/pt\/wp-json\/wp\/v2\/pages\/3655","targetHints":{"allow":["GET"]}}],"collection":[{"href":"https:\/\/primer-impacto.com\/pt\/wp-json\/wp\/v2\/pages"}],"about":[{"href":"https:\/\/primer-impacto.com\/pt\/wp-json\/wp\/v2\/types\/page"}],"author":[{"embeddable":true,"href":"https:\/\/primer-impacto.com\/pt\/wp-json\/wp\/v2\/users\/2"}],"replies":[{"embeddable":true,"href":"https:\/\/primer-impacto.com\/pt\/wp-json\/wp\/v2\/comments?post=3655"}],"version-history":[{"count":19,"href":"https:\/\/primer-impacto.com\/pt\/wp-json\/wp\/v2\/pages\/3655\/revisions"}],"predecessor-version":[{"id":8669,"href":"https:\/\/primer-impacto.com\/pt\/wp-json\/wp\/v2\/pages\/3655\/revisions\/8669"}],"wp:attachment":[{"href":"https:\/\/primer-impacto.com\/pt\/wp-json\/wp\/v2\/media?parent=3655"}],"curies":[{"name":"wp","href":"https:\/\/api.w.org\/{rel}","templated":true}]}}