{"id":3647,"date":"2022-07-18T19:47:37","date_gmt":"2022-07-18T19:47:37","guid":{"rendered":"https:\/\/primer-impacto.com\/?page_id=3647"},"modified":"2024-01-18T10:24:27","modified_gmt":"2024-01-18T10:24:27","slug":"politica-de-redes-sociales","status":"publish","type":"page","link":"https:\/\/primer-impacto.com\/pt\/politica-de-redes-sociales\/","title":{"rendered":"Pol\u00edtica de m\u00eddia social"},"content":{"rendered":"<div data-elementor-type=\"wp-page\" data-elementor-id=\"3647\" class=\"elementor elementor-3647\" data-elementor-post-type=\"page\">\n\t\t\t\t\t\t<section class=\"elementor-section elementor-top-section elementor-element elementor-element-a4df711 elementor-section-boxed elementor-section-height-default elementor-section-height-default\" data-id=\"a4df711\" data-element_type=\"section\" data-e-type=\"section\" data-settings=\"{&quot;background_background&quot;:&quot;classic&quot;}\">\n\t\t\t\t\t\t\t<div class=\"elementor-background-overlay\"><\/div>\n\t\t\t\t\t\t\t<div class=\"elementor-container elementor-column-gap-default\">\n\t\t\t\t\t<div class=\"elementor-column elementor-col-100 elementor-top-column elementor-element elementor-element-b5253a7\" data-id=\"b5253a7\" data-element_type=\"column\" data-e-type=\"column\">\n\t\t\t<div class=\"elementor-widget-wrap elementor-element-populated\">\n\t\t\t\t\t\t<div class=\"elementor-element elementor-element-2217ee6 elementor-widget elementor-widget-heading\" data-id=\"2217ee6\" data-element_type=\"widget\" data-e-type=\"widget\" data-widget_type=\"heading.default\">\n\t\t\t\t<div class=\"elementor-widget-container\">\n\t\t\t\t\t<h2 class=\"elementor-heading-title elementor-size-default\"><span class=\"resaltadoHeader\"> Pol\u00edtica de privacidade das redes sociais<\/span> <\/h2>\t\t\t\t<\/div>\n\t\t\t\t<\/div>\n\t\t\t\t\t<\/div>\n\t\t<\/div>\n\t\t\t\t\t<\/div>\n\t\t<\/section>\n\t\t\t\t<section class=\"elementor-section elementor-top-section elementor-element elementor-element-c989a5f elementor-section-boxed elementor-section-height-default elementor-section-height-default\" data-id=\"c989a5f\" data-element_type=\"section\" data-e-type=\"section\">\n\t\t\t\t\t\t<div class=\"elementor-container elementor-column-gap-default\">\n\t\t\t\t\t<div class=\"elementor-column elementor-col-100 elementor-top-column elementor-element elementor-element-149c4d9\" data-id=\"149c4d9\" data-element_type=\"column\" data-e-type=\"column\">\n\t\t\t<div class=\"elementor-widget-wrap elementor-element-populated\">\n\t\t\t\t\t\t<div class=\"elementor-element elementor-element-77b4780 elementor-widget elementor-widget-text-editor\" data-id=\"77b4780\" data-element_type=\"widget\" data-e-type=\"widget\" data-widget_type=\"text-editor.default\">\n\t\t\t\t<div class=\"elementor-widget-container\">\n\t\t\t\t\t\t\t\t\t<p><b>1. INFORMA\u00c7\u00d5ES AO UTILIZADOR<\/b><\/p>\n<p><b>Quem \u00e9 o respons\u00e1vel pelo tratamento dos seus dados pessoais?<\/b><\/p>\n<p>PRIMER IMPACT, S.L. ser\u00e1 respons\u00e1vel pelo tratamento dos dados pessoais das PESSOAS que tenham procedido \u00e0 cria\u00e7\u00e3o de um perfil em qualquer uma das suas redes sociais, e ser\u00e3o tratados de acordo com o disposto no Regulamento (UE) 2016\/679, de 27 de abril (RGPD), Lei Org\u00e2nica 3\/2018, de 5 de dezembro (LOPDGDD), e Lei dos Servi\u00e7os da Sociedade da Informa\u00e7\u00e3o e Com\u00e9rcio Eletr\u00f3nico (LSSI), disponibilizando a seguinte informa\u00e7\u00e3o de tratamento:<\/p>\n<p><b>Porque tratamos os seus dados pessoais?<\/b><\/p>\n<p><b>Objectivo do tratamento:<\/b><span style=\"font-weight: 400;\"> <\/span>manter uma rela\u00e7\u00e3o entre o UTILIZADOR e a PRIMER IMPACTO, S.L. (doravante o CONTROLADOR) que pode incluir as seguintes opera\u00e7\u00f5es:<\/p>\n<ul>\n<li style=\"\" aria-level=\"1\">Processar os pedidos e d\u00favidas colocadas ao respons\u00e1vel<\/li>\n<li style=\"\" aria-level=\"1\">Informar sobre as atividades e eventos organizados pelo respons\u00e1vel<\/li>\n<li style=\"\" aria-level=\"1\">Informar sobre produtos ou servi\u00e7os oferecidos pelo respons\u00e1vel<\/li>\n<li style=\"\" aria-level=\"1\">Interaja atrav\u00e9s de perfis oficiais<\/li>\n<\/ul>\n<p>Quando o CONTROLADOR recolher e tratar dados pessoais atrav\u00e9s das suas redes sociais, os UTILIZADORES ser\u00e3o informados sobre a finalidade da recolha de dados, bem como sobre os seus direitos em rela\u00e7\u00e3o aos seus dados pessoais. Os dados pessoais ser\u00e3o utilizados apenas para os fins indicados e ser\u00e3o conservados de forma segura.<\/p>\n<p><b>Base Legal do Tratamento:<\/b> o consentimento expl\u00edcito dado pelo UTILIZADOR para o tratamento dos seus dados pessoais para uma ou mais finalidades espec\u00edficas (artigo 6.1. a do RGPD).<\/p>\n<p>Por outro lado, o UTILIZADOR poder\u00e1 aceder a qualquer momento \u00e0s pol\u00edticas de privacidade da pr\u00f3pria rede social, bem como configurar o seu perfil para garantir a sua privacidade.<\/p>\n<p><b>Durante quanto tempo conservaremos os seus dados pessoais?<\/b><\/p>\n<p>Crit\u00e9rios de conserva\u00e7\u00e3o dos dados: ser\u00e3o mantidos enquanto o UTILIZADOR n\u00e3o revogar o consentimento prestado conforme indicado nesta pol\u00edtica de privacidade.<\/p>\n<p><b>A quem fornecemos os seus dados pessoais?<\/b><\/p>\n<p><b>Comunica\u00e7\u00e3o de dados:<\/b><span style=\"font-weight: 400;\"> <\/span>As informa\u00e7\u00f5es fornecidas pelo UTILIZADOR atrav\u00e9s das redes sociais do CONTROLADOR, incluindo os seus dados pessoais, poder\u00e3o ser publicadas, dependendo sempre dos servi\u00e7os que o UTILIZADOR utiliza, podendo assim ser disponibilizadas publicamente a outros terceiros utilizadores das redes sociais. A partir do perfil de cada rede social, o UTILIZADOR pode configurar que informa\u00e7\u00e3o pretende tornar p\u00fablica em cada caso, ver as permiss\u00f5es que foram concedidas, apag\u00e1-las ou desativ\u00e1-las, como qualquer aplica\u00e7\u00e3o de terceiros que j\u00e1 n\u00e3o queira utilizar.<\/p>\n<p>No entanto, n\u00e3o est\u00e1 prevista qualquer comunica\u00e7\u00e3o de dados pessoais a terceiros fora da rede social, exceto, se for essencial para o desenvolvimento e execu\u00e7\u00e3o das finalidades do tratamento, aos nossos prestadores de servi\u00e7os relacionados com comunica\u00e7\u00f5es, com os quais o RESPONS\u00c1VEL subscreveu o. contratos de confidencialidade e de processamento de dados exigidos pelas atuais regulamenta\u00e7\u00f5es de privacidade.<\/p>\n<p><b>Quais s\u00e3o os seus direitos?<\/b><\/p>\n<p>Direitos que assistem ao UTILIZADOR: s\u00f3 poder\u00e3o ser satisfeitos em rela\u00e7\u00e3o \u00e0quelas informa\u00e7\u00f5es que estejam sob o controlo do CONTROLADOR.<\/p>\n<ul>\n<li style=\"\" aria-level=\"1\">Direito de retirar o consentimento a qualquer momento.<\/li>\n<li style=\"\" aria-level=\"1\">Direito de acesso, retifica\u00e7\u00e3o, portabilidade e elimina\u00e7\u00e3o dos seus dados, e limita\u00e7\u00e3o ou oposi\u00e7\u00e3o ao seu tratamento.<\/li>\n<li style=\"\" aria-level=\"1\">Direito de apresentar uma queixa junto da autoridade de controlo (www.aepd.es) se considerar que o tratamento n\u00e3o est\u00e1 em conformidade com a regulamenta\u00e7\u00e3o em vigor.<\/li>\n<\/ul>\n<p><b>Dados de contacto para exercer os seus direitos:<\/b><\/p>\n<p>PRIMER IMPACTO, S.L. Rua Hermano Neves, n\u00ba 18, Piso 3, E7. Distrito: Lisboa Concelho: Lisboa Freguesia: Lumiar. 1600 477 Lisboa. E-mail: info@primer-impacto.com<\/p>\n<p>A pol\u00edtica de privacidade completa est\u00e1 dispon\u00edvel em primer-impacto.com<\/p>\n<p><b>2. UTILIZA\u00c7\u00c3O DO PERFIL<\/b><\/p>\n<p>O CONTROLADOR executar\u00e1 as seguintes a\u00e7\u00f5es:<\/p>\n<ul>\n<li style=\"\" aria-level=\"1\">Acesso a informa\u00e7\u00e3o de perfil p\u00fablico.<\/li>\n<li style=\"\" aria-level=\"1\">Publica\u00e7\u00e3o no perfil do UTILIZADOR de toda a informa\u00e7\u00e3o j\u00e1 publicada na rede social do CONTROLADOR.<\/li>\n<li style=\"\" aria-level=\"1\">Envie mensagens pessoais e individuais atrav\u00e9s dos canais de redes sociais.<\/li>\n<li style=\"\" aria-level=\"1\">Atualiza\u00e7\u00f5es de estado da p\u00e1gina que ser\u00e3o publicadas no perfil do UTILIZADOR.<\/li>\n<\/ul>\n<p>O UTILIZADOR poder\u00e1 sempre controlar as suas liga\u00e7\u00f5es, eliminar conte\u00fados que j\u00e1 n\u00e3o lhe interessam e restringir com quem partilha as suas liga\u00e7\u00f5es; Para tal, deve aceder \u00e0s suas defini\u00e7\u00f5es onde encontrar\u00e1 v\u00e1rias possibilidades de configura\u00e7\u00e3o em rela\u00e7\u00e3o ao grau de privacidade do perfil do utilizador na rede social.<\/p>\n<p><b>3. PUBLICA\u00c7\u00d5ES<\/b><\/p>\n<p>O objetivo das redes sociais \u00e9 dar visibilidade e divulga\u00e7\u00e3o das atividades desenvolvidas pelo CONTROLADOR. Estas ferramentas armazenam dados pessoais nos servidores dos respetivos servi\u00e7os e regem-se por uma pol\u00edtica de privacidade pr\u00f3pria.<\/p>\n<p>O UTILIZADOR, uma vez seguidor ou aderido \u00e0 rede social do CONTROLADOR, poder\u00e1 publicar coment\u00e1rios, links, imagens, fotografias ou qualquer outro tipo de conte\u00fado multim\u00e9dia por si suportado. O UTILIZADOR, em todos os casos, dever\u00e1 ser o propriet\u00e1rio do conte\u00fado publicado, gozar dos direitos de autor e de propriedade intelectual ou contar com o consentimento dos terceiros afetados.<\/p>\n<p>Qualquer publica\u00e7\u00e3o na rede social, sejam textos, gr\u00e1ficos, fotografias, v\u00eddeos, etc., \u00e9 expressamente proibida. que violem ou possam violar a moral, a \u00e9tica, o bom gosto ou o decoro, e\/ou que infrinjam, violem ou violem os direitos de propriedade intelectual ou industrial, o direito \u00e0 imagem ou a Lei. N\u00e3o ser\u00e3o tolerados ofensivos, difamat\u00f3rios, ilegais. ou coment\u00e1rios ou conte\u00fados inadequados nos perfis da empresa. A Empresa reserva-se o direito de remover tais coment\u00e1rios ou conte\u00fados e bloquear os utilizadores respons\u00e1veis.<\/p>\n<p>Nestes casos, o CONTROLADOR reserva-se o direito de remover imediatamente o conte\u00fado, sem comunica\u00e7\u00e3o pr\u00e9via, podendo solicitar o bloqueio permanente do UTILIZADOR.<\/p>\n<p>O CONTROLADOR n\u00e3o ser\u00e1 respons\u00e1vel pelo conte\u00fado publicado gratuitamente pelo UTILIZADOR.<\/p>\n<p>O UTILIZADOR deve ter em aten\u00e7\u00e3o que as suas publica\u00e7\u00f5es ser\u00e3o conhecidas por outros utilizadores, pelo que \u00e9 ele pr\u00f3prio o principal respons\u00e1vel pela sua privacidade.<\/p>\n<p>As imagens que venham a ser publicadas na rede social n\u00e3o ser\u00e3o armazenadas em qualquer ficheiro pelo CONTROLADOR, mas permanecer\u00e3o na rede social.<\/p>\n<p><b>4. DADOS DE MENORES OU DE PESSOAS COM COMPET\u00caNCIAS ESPECIAIS<\/b><\/p>\n<p>Recomenda-se a revis\u00e3o e leitura das condi\u00e7\u00f5es de utiliza\u00e7\u00e3o e pol\u00edtica de privacidade de cada rede social no momento do registo, tendo em conta os diferentes requisitos de idade para o registo.<\/p>\n<p>Da mesma forma, o RESPONS\u00c1VEL ficar\u00e1 expressamente exonerado de qualquer responsabilidade que possa surgir da utiliza\u00e7\u00e3o das redes sociais por menores ou pessoas com capacidades especiais e cujo acesso dever\u00e1 ser realizado sob a supervis\u00e3o e controlo dos seus representantes legais.<\/p>\n<p>O CONTROLADOR reserva-se o direito de modificar esta pol\u00edtica a qualquer momento. As altera\u00e7\u00f5es ser\u00e3o comunicadas atrav\u00e9s dos nossos perfis nas redes sociais e\/ou do nosso website.<\/p>\t\t\t\t\t\t\t\t<\/div>\n\t\t\t\t<\/div>\n\t\t\t\t\t<\/div>\n\t\t<\/div>\n\t\t\t\t\t<\/div>\n\t\t<\/section>\n\t\t\t\t<\/div>","protected":false},"excerpt":{"rendered":"<p>Pol\u00edtica de privacidad de redes sociales 1. INFORMACI\u00d3N A LA PERSONA USUARIA \u00bfQui\u00e9n es el responsable del tratamiento de sus datos personales? PRIMER IMPACTO, S.L. ser\u00e1 el responsable del tratamiento de los datos personales de aquellas PERSONAS que han procedido a crear un perfil en cualquiera de sus redes sociales, y los mismos ser\u00e1n tratados [&hellip;]<\/p>","protected":false},"author":2,"featured_media":0,"parent":0,"menu_order":0,"comment_status":"closed","ping_status":"closed","template":"elementor_header_footer","meta":{"inline_featured_image":false,"footnotes":""},"class_list":["post-3647","page","type-page","status-publish","hentry"],"yoast_head":"<!-- This site is optimized with the Yoast SEO plugin v22.9 - https:\/\/yoast.com\/wordpress\/plugins\/seo\/ -->\n<title>Pol\u00edtica de redes sociales - Primer impacto<\/title>\n<meta name=\"robots\" content=\"noindex, follow\" \/>\n<meta property=\"og:locale\" content=\"pt_PT\" \/>\n<meta property=\"og:type\" content=\"article\" \/>\n<meta property=\"og:title\" content=\"Pol\u00edtica de redes sociales - Primer impacto\" \/>\n<meta property=\"og:description\" content=\"Pol\u00edtica de privacidad de redes sociales 1. INFORMACI\u00d3N A LA PERSONA USUARIA \u00bfQui\u00e9n es el responsable del tratamiento de sus datos personales? PRIMER IMPACTO, S.L. ser\u00e1 el responsable del tratamiento de los datos personales de aquellas PERSONAS que han procedido a crear un perfil en cualquiera de sus redes sociales, y los mismos ser\u00e1n tratados [&hellip;]\" \/>\n<meta property=\"og:url\" content=\"https:\/\/primer-impacto.com\/pt\/politica-de-redes-sociales\/\" \/>\n<meta property=\"og:site_name\" content=\"Primer impacto\" \/>\n<meta property=\"article:modified_time\" content=\"2024-01-18T10:24:27+00:00\" \/>\n<meta name=\"twitter:card\" content=\"summary_large_image\" \/>\n<meta name=\"twitter:label1\" content=\"Tempo estimado de leitura\" \/>\n\t<meta name=\"twitter:data1\" content=\"6 minutos\" \/>\n<script type=\"application\/ld+json\" class=\"yoast-schema-graph\">{\"@context\":\"https:\/\/schema.org\",\"@graph\":[{\"@type\":\"WebPage\",\"@id\":\"https:\/\/primer-impacto.com\/politica-de-redes-sociales\/\",\"url\":\"https:\/\/primer-impacto.com\/politica-de-redes-sociales\/\",\"name\":\"Pol\u00edtica de redes sociales - Primer impacto\",\"isPartOf\":{\"@id\":\"https:\/\/primer-impacto.com\/#website\"},\"datePublished\":\"2022-07-18T19:47:37+00:00\",\"dateModified\":\"2024-01-18T10:24:27+00:00\",\"breadcrumb\":{\"@id\":\"https:\/\/primer-impacto.com\/politica-de-redes-sociales\/#breadcrumb\"},\"inLanguage\":\"pt-PT\",\"potentialAction\":[{\"@type\":\"ReadAction\",\"target\":[\"https:\/\/primer-impacto.com\/politica-de-redes-sociales\/\"]}]},{\"@type\":\"BreadcrumbList\",\"@id\":\"https:\/\/primer-impacto.com\/politica-de-redes-sociales\/#breadcrumb\",\"itemListElement\":[{\"@type\":\"ListItem\",\"position\":1,\"name\":\"Portada\",\"item\":\"https:\/\/primer-impacto.com\/\"},{\"@type\":\"ListItem\",\"position\":2,\"name\":\"Pol\u00edtica de redes sociales\"}]},{\"@type\":\"WebSite\",\"@id\":\"https:\/\/primer-impacto.com\/#website\",\"url\":\"https:\/\/primer-impacto.com\/\",\"name\":\"Primer impacto\",\"description\":\"Especialistas en servicios en el Punto de Venta\",\"publisher\":{\"@id\":\"https:\/\/primer-impacto.com\/#organization\"},\"potentialAction\":[{\"@type\":\"SearchAction\",\"target\":{\"@type\":\"EntryPoint\",\"urlTemplate\":\"https:\/\/primer-impacto.com\/?s={search_term_string}\"},\"query-input\":\"required name=search_term_string\"}],\"inLanguage\":\"pt-PT\"},{\"@type\":\"Organization\",\"@id\":\"https:\/\/primer-impacto.com\/#organization\",\"name\":\"Primer Impacto\",\"url\":\"https:\/\/primer-impacto.com\/\",\"logo\":{\"@type\":\"ImageObject\",\"inLanguage\":\"pt-PT\",\"@id\":\"https:\/\/primer-impacto.com\/#\/schema\/logo\/image\/\",\"url\":\"https:\/\/primer-impacto.com\/wp-content\/uploads\/2022\/07\/logo_pi.png\",\"contentUrl\":\"https:\/\/primer-impacto.com\/wp-content\/uploads\/2022\/07\/logo_pi.png\",\"width\":377,\"height\":377,\"caption\":\"Primer Impacto\"},\"image\":{\"@id\":\"https:\/\/primer-impacto.com\/#\/schema\/logo\/image\/\"}}]}<\/script>\n<!-- \/ Yoast SEO plugin. -->","yoast_head_json":{"title":"Pol\u00edtica de redes sociales - Primer impacto","robots":{"index":"noindex","follow":"follow"},"og_locale":"pt_PT","og_type":"article","og_title":"Pol\u00edtica de redes sociales - Primer impacto","og_description":"Pol\u00edtica de privacidad de redes sociales 1. INFORMACI\u00d3N A LA PERSONA USUARIA \u00bfQui\u00e9n es el responsable del tratamiento de sus datos personales? PRIMER IMPACTO, S.L. ser\u00e1 el responsable del tratamiento de los datos personales de aquellas PERSONAS que han procedido a crear un perfil en cualquiera de sus redes sociales, y los mismos ser\u00e1n tratados [&hellip;]","og_url":"https:\/\/primer-impacto.com\/pt\/politica-de-redes-sociales\/","og_site_name":"Primer impacto","article_modified_time":"2024-01-18T10:24:27+00:00","twitter_card":"summary_large_image","twitter_misc":{"Tempo estimado de leitura":"6 minutos"},"schema":{"@context":"https:\/\/schema.org","@graph":[{"@type":"WebPage","@id":"https:\/\/primer-impacto.com\/politica-de-redes-sociales\/","url":"https:\/\/primer-impacto.com\/politica-de-redes-sociales\/","name":"Pol\u00edtica de redes sociales - Primer impacto","isPartOf":{"@id":"https:\/\/primer-impacto.com\/#website"},"datePublished":"2022-07-18T19:47:37+00:00","dateModified":"2024-01-18T10:24:27+00:00","breadcrumb":{"@id":"https:\/\/primer-impacto.com\/politica-de-redes-sociales\/#breadcrumb"},"inLanguage":"pt-PT","potentialAction":[{"@type":"ReadAction","target":["https:\/\/primer-impacto.com\/politica-de-redes-sociales\/"]}]},{"@type":"BreadcrumbList","@id":"https:\/\/primer-impacto.com\/politica-de-redes-sociales\/#breadcrumb","itemListElement":[{"@type":"ListItem","position":1,"name":"Portada","item":"https:\/\/primer-impacto.com\/"},{"@type":"ListItem","position":2,"name":"Pol\u00edtica de redes sociales"}]},{"@type":"WebSite","@id":"https:\/\/primer-impacto.com\/#website","url":"https:\/\/primer-impacto.com\/","name":"Primer impacto","description":"Especialistas en servicios en el Punto de Venta","publisher":{"@id":"https:\/\/primer-impacto.com\/#organization"},"potentialAction":[{"@type":"SearchAction","target":{"@type":"EntryPoint","urlTemplate":"https:\/\/primer-impacto.com\/?s={search_term_string}"},"query-input":"required name=search_term_string"}],"inLanguage":"pt-PT"},{"@type":"Organization","@id":"https:\/\/primer-impacto.com\/#organization","name":"Primer Impacto","url":"https:\/\/primer-impacto.com\/","logo":{"@type":"ImageObject","inLanguage":"pt-PT","@id":"https:\/\/primer-impacto.com\/#\/schema\/logo\/image\/","url":"https:\/\/primer-impacto.com\/wp-content\/uploads\/2022\/07\/logo_pi.png","contentUrl":"https:\/\/primer-impacto.com\/wp-content\/uploads\/2022\/07\/logo_pi.png","width":377,"height":377,"caption":"Primer Impacto"},"image":{"@id":"https:\/\/primer-impacto.com\/#\/schema\/logo\/image\/"}}]}},"_links":{"self":[{"href":"https:\/\/primer-impacto.com\/pt\/wp-json\/wp\/v2\/pages\/3647","targetHints":{"allow":["GET"]}}],"collection":[{"href":"https:\/\/primer-impacto.com\/pt\/wp-json\/wp\/v2\/pages"}],"about":[{"href":"https:\/\/primer-impacto.com\/pt\/wp-json\/wp\/v2\/types\/page"}],"author":[{"embeddable":true,"href":"https:\/\/primer-impacto.com\/pt\/wp-json\/wp\/v2\/users\/2"}],"replies":[{"embeddable":true,"href":"https:\/\/primer-impacto.com\/pt\/wp-json\/wp\/v2\/comments?post=3647"}],"version-history":[{"count":22,"href":"https:\/\/primer-impacto.com\/pt\/wp-json\/wp\/v2\/pages\/3647\/revisions"}],"predecessor-version":[{"id":6817,"href":"https:\/\/primer-impacto.com\/pt\/wp-json\/wp\/v2\/pages\/3647\/revisions\/6817"}],"wp:attachment":[{"href":"https:\/\/primer-impacto.com\/pt\/wp-json\/wp\/v2\/media?parent=3647"}],"curies":[{"name":"wp","href":"https:\/\/api.w.org\/{rel}","templated":true}]}}