{"id":3639,"date":"2022-07-18T19:42:58","date_gmt":"2022-07-18T19:42:58","guid":{"rendered":"https:\/\/primer-impacto.com\/?page_id=3639"},"modified":"2024-01-18T10:23:20","modified_gmt":"2024-01-18T10:23:20","slug":"aviso-legal","status":"publish","type":"page","link":"https:\/\/primer-impacto.com\/pt\/aviso-legal\/","title":{"rendered":"Aviso legal"},"content":{"rendered":"<div data-elementor-type=\"wp-page\" data-elementor-id=\"3639\" class=\"elementor elementor-3639\" data-elementor-post-type=\"page\">\n\t\t\t\t\t\t<section class=\"elementor-section elementor-top-section elementor-element elementor-element-6ecbdb1 elementor-section-boxed elementor-section-height-default elementor-section-height-default\" data-id=\"6ecbdb1\" data-element_type=\"section\" data-e-type=\"section\" data-settings=\"{&quot;background_background&quot;:&quot;classic&quot;}\">\n\t\t\t\t\t\t\t<div class=\"elementor-background-overlay\"><\/div>\n\t\t\t\t\t\t\t<div class=\"elementor-container elementor-column-gap-default\">\n\t\t\t\t\t<div class=\"elementor-column elementor-col-100 elementor-top-column elementor-element elementor-element-a6ff170\" data-id=\"a6ff170\" data-element_type=\"column\" data-e-type=\"column\">\n\t\t\t<div class=\"elementor-widget-wrap elementor-element-populated\">\n\t\t\t\t\t\t<div class=\"elementor-element elementor-element-3cd4cfe elementor-widget elementor-widget-heading\" data-id=\"3cd4cfe\" data-element_type=\"widget\" data-e-type=\"widget\" data-widget_type=\"heading.default\">\n\t\t\t\t<div class=\"elementor-widget-container\">\n\t\t\t\t\t<h2 class=\"elementor-heading-title elementor-size-default\"><span class=\"resaltadoHeader\"> Aviso legal<\/span> <\/h2>\t\t\t\t<\/div>\n\t\t\t\t<\/div>\n\t\t\t\t\t<\/div>\n\t\t<\/div>\n\t\t\t\t\t<\/div>\n\t\t<\/section>\n\t\t\t\t<section class=\"elementor-section elementor-top-section elementor-element elementor-element-5719059 elementor-section-boxed elementor-section-height-default elementor-section-height-default\" data-id=\"5719059\" data-element_type=\"section\" data-e-type=\"section\">\n\t\t\t\t\t\t<div class=\"elementor-container elementor-column-gap-default\">\n\t\t\t\t\t<div class=\"elementor-column elementor-col-100 elementor-top-column elementor-element elementor-element-33ffc8b\" data-id=\"33ffc8b\" data-element_type=\"column\" data-e-type=\"column\">\n\t\t\t<div class=\"elementor-widget-wrap elementor-element-populated\">\n\t\t\t\t\t\t<div class=\"elementor-element elementor-element-c0bcd9f elementor-widget elementor-widget-text-editor\" data-id=\"c0bcd9f\" data-element_type=\"widget\" data-e-type=\"widget\" data-widget_type=\"text-editor.default\">\n\t\t\t\t<div class=\"elementor-widget-container\">\n\t\t\t\t\t\t\t\t\t<p style=\"text-align: center;\"><strong>LEI DOS SERVI\u00c7OS DA SOCIEDADE DE INFORMA\u00c7\u00c3O (LSSI)<\/strong><\/p>\n<p>A PRIMER IMPACTO, S.L., respons\u00e1vel pelo site, doravante RESPONS\u00c1VEL, disponibiliza este documento aos utilizadores, com o qual pretende cumprir as obriga\u00e7\u00f5es previstas na Lei 34\/2002, de 11 de julho, sobre Servi\u00e7os de Informa\u00e7\u00e3o da Sociedade da Informa\u00e7\u00e3o e Com\u00e9rcio Eletr\u00f3nico. (LSSICE), BOE n\u00ba 166, bem como informar todos os utilizadores do site sobre as condi\u00e7\u00f5es de utiliza\u00e7\u00e3o.<\/p>\n<p>Qualquer pessoa que aceda a este site assume a fun\u00e7\u00e3o de utilizador, comprometendo-se \u00e0 estrita observ\u00e2ncia e cumprimento das disposi\u00e7\u00f5es aqui estabelecidas, bem como de qualquer outra disposi\u00e7\u00e3o legal que seja aplic\u00e1vel.<\/p>\n<p>PRIMER IMPACT, S.L. reserva-se o direito de modificar qualquer tipo de informa\u00e7\u00e3o que possa aparecer no site, sem qualquer obriga\u00e7\u00e3o de notificar ou informar os utilizadores de tais obriga\u00e7\u00f5es, entendendo-se como suficiente a publica\u00e7\u00e3o no site da PRIMER IMPACTO, S.L.<\/p>\n<p><strong>1. DADOS DE IDENTIFICA\u00c7\u00c3O<\/strong><br>Nome de dom\u00ednio: primer-impacto.com<br>Nome comercial: PRIMEIRO IMPACTO<br>Nome da empresa: PRIMER IMPACTO, S.L.<br>NIF: B63947493<br>Domicilio Fiscal: Rua Hermano Neves, n\u00ba 18, Piso 3, E7. Distrito: Lisboa Concelho: Lisboa Freguesia: Lumiar. 1600 477 Lisboa<br>Telefone: +351215831147<br>e-mail: info@primer-impacto.com<br>Inscrito no Registo (Comercial\/P\u00fablico): Barcelona, \u200b\u200b\u200b\u200b\u200b\u200bno Volume 37853, F\u00f3lio 100, Folha N\u00famero B315469.<\/p>\n<p><strong>2.\u00ba DIREITOS DE PROPRIEDADE INTELECTUAL E INDUSTRIAL<\/strong><br>O site, incluindo, mas n\u00e3o se limitando \u00e0 sua programa\u00e7\u00e3o, edi\u00e7\u00e3o, compila\u00e7\u00e3o e outros elementos necess\u00e1rios ao seu funcionamento, os designs, log\u00f3tipos, textos e\/ou gr\u00e1ficos, s\u00e3o propriedade do RESPONS\u00c1VEL ou, se aplic\u00e1vel, possui licen\u00e7a ou autoriza\u00e7\u00e3o expressa. dos autores. Todos os conte\u00fados do site est\u00e3o devidamente protegidos pelas normas de propriedade intelectual e industrial, bem como registados nos registos p\u00fablicos correspondentes.<\/p>\n<p>Independentemente do fim a que se destinam, a reprodu\u00e7\u00e3o, utiliza\u00e7\u00e3o, explora\u00e7\u00e3o, distribui\u00e7\u00e3o e comercializa\u00e7\u00e3o, total ou parcial, carece em todos os casos de autoriza\u00e7\u00e3o pr\u00e9via por escrito do RESPONS\u00c1VEL. Qualquer utiliza\u00e7\u00e3o n\u00e3o previamente autorizada \u00e9 considerada uma viola\u00e7\u00e3o grave dos direitos de propriedade intelectual ou industrial do autor.<\/p>\n<p>Os desenhos, log\u00f3tipos, textos e\/ou gr\u00e1ficos alheios ao RESPONS\u00c1VEL e que possam figurar no site pertencem aos seus respetivos propriet\u00e1rios, sendo eles pr\u00f3prios respons\u00e1veis \u200b\u200bpor qualquer eventual controv\u00e9rsia que possa surgir a seu respeito. O CONTROLADOR autoriza expressamente terceiros a redirecionar diretamente para conte\u00fados espec\u00edficos do site, e em qualquer caso redirecionar para o site principal de primer-impacto.com.<\/p>\n<p>O RESPONS\u00c1VEL reconhece os correspondentes direitos de propriedade intelectual e industrial a favor dos seus titulares, sendo que a sua simples men\u00e7\u00e3o ou aparecimento no site n\u00e3o implica a exist\u00eancia de quaisquer direitos ou responsabilidades sobre os mesmos, nem implica o endosso, patroc\u00ednio ou recomenda\u00e7\u00e3o por parte do mesmo .<\/p>\n<p>Para fazer qualquer tipo de observa\u00e7\u00e3o relativamente a poss\u00edveis viola\u00e7\u00f5es dos direitos de propriedade intelectual ou industrial, bem como de qualquer conte\u00fado do site, poder\u00e1 faz\u00ea-lo atrav\u00e9s do email info@primer-impacto.com.<\/p>\n<p><strong>3. ISEN\u00c7\u00c3O DE RESPONSABILIDADE<\/strong><br>O RESPONS\u00c1VEL exime-se de qualquer tipo de responsabilidade derivada da informa\u00e7\u00e3o publicada no seu site sempre que essa informa\u00e7\u00e3o tenha sido manipulada ou introduzida por terceiro alheio a si.<\/p>\n<p><strong>Utiliza\u00e7\u00e3o de Cookies<\/strong><br>Este site pode utilizar cookies t\u00e9cnicos (pequenos ficheiros de informa\u00e7\u00e3o que o servidor envia para o computador de quem acede \u00e0 p\u00e1gina) para desempenhar determinadas fun\u00e7\u00f5es consideradas essenciais para o correto funcionamento e visualiza\u00e7\u00e3o do site. Os cookies utilizados s\u00e3o, em qualquer caso, de natureza tempor\u00e1ria, com a \u00fanica finalidade de tornar a navega\u00e7\u00e3o mais eficiente, e desaparecem quando termina a sess\u00e3o do utilizador. Em caso algum estes cookies fornecem dados pessoais por si s\u00f3 e n\u00e3o ser\u00e3o utilizados para os recolher.<\/p>\n<p>Atrav\u00e9s da utiliza\u00e7\u00e3o de cookies, \u00e9 tamb\u00e9m poss\u00edvel que o servidor onde se encontra o site reconhe\u00e7a o browser utilizado pelo utilizador para facilitar a navega\u00e7\u00e3o, permitindo, por exemplo, o acesso de utilizadores que se tenham registado previamente nas \u00e1reas, servi\u00e7os, promo\u00e7\u00f5es ou concursos reservados exclusivamente para estes, sem necessidade de registo em cada visita. Podem tamb\u00e9m ser utilizados para medir a audi\u00eancia, os par\u00e2metros de tr\u00e1fego, controlar o progresso e o n\u00famero de entradas, etc. Este site n\u00e3o instalar\u00e1 cookies dispens\u00e1veis \u200b\u200bsem o consentimento pr\u00e9vio do utilizador.<\/p>\n<p>O utilizador tem a possibilidade de configurar o seu navegador para ser alertado quando s\u00e3o recebidos cookies e impedir a sua instala\u00e7\u00e3o no seu computador. Por favor consulte as instru\u00e7\u00f5es do seu browser para mais informa\u00e7\u00f5es.<\/p>\n<p><strong>Pol\u00edtica de links<\/strong><br>A partir do site, pode ser redirecionado para conte\u00fado de sites de terceiros. Dado que o RESPONS\u00c1VEL nem sempre pode controlar os conte\u00fados introduzidos por terceiros nos seus respetivos sites, n\u00e3o assume qualquer tipo de responsabilidade relativamente a esses conte\u00fados. Em qualquer caso, proceder\u00e1 \u00e0 retirada imediata de qualquer conte\u00fado que possa contrariar a legisla\u00e7\u00e3o nacional ou internacional, a moral ou a ordem p\u00fablica, procedendo \u00e0 retirada imediata do redireccionamento para o referido site, levando o conte\u00fado ao conhecimento das autoridades competentes em causa.<\/p>\n<p>O CONTROLADOR n\u00e3o se responsabiliza pela informa\u00e7\u00e3o e conte\u00fados armazenados, a t\u00edtulo de exemplo mas n\u00e3o limitado a, em f\u00f3runs, chats, geradores de blogues, coment\u00e1rios, redes sociais ou qualquer outro meio que permita a terceiros publicar conte\u00fados de forma independente no site. RESPONS\u00c1VEL. No entanto, e em cumprimento do disposto nos artigos 11.\u00ba e 16.\u00ba da LSSICE, \u00e9 colocado \u00e0 disposi\u00e7\u00e3o de todos os utilizadores, autoridades e for\u00e7as de seguran\u00e7a, colaborando activamente na retirada ou, se for caso disso, no bloqueio de todos os os conte\u00fados que possam afectar ou contrariar a legisla\u00e7\u00e3o nacional ou internacional, os direitos de terceiros ou a moral e a ordem p\u00fablica. Caso o utilizador considere que existe algum conte\u00fado no website que possa ser suscet\u00edvel desta classifica\u00e7\u00e3o, dever\u00e1 notificar de imediato o administrador do website.<\/p>\n<p>Este site foi revisto e testado para funcionar corretamente. Em princ\u00edpio, o funcionamento correto pode ser garantido 365 dias por ano, 24 horas por dia. No entanto, o RESPONS\u00c1VEL n\u00e3o exclui a possibilidade de poderem ocorrer determinados erros de programa\u00e7\u00e3o, ou de poderem ocorrer casos de for\u00e7a maior, cat\u00e1strofes naturais, greves ou circunst\u00e2ncias semelhantes que impossibilitem o acesso ao site.<\/p>\n<p><strong>Endere\u00e7os IP<\/strong><br>Os servidores do site podem detetar automaticamente o endere\u00e7o IP e o nome de dom\u00ednio utilizados pelo utilizador. Um endere\u00e7o IP \u00e9 um n\u00famero atribu\u00eddo automaticamente a um computador quando este se liga \u00e0 Internet. Toda esta informa\u00e7\u00e3o \u00e9 registada num ficheiro de actividade do servidor devidamente registado que permite o posterior tratamento dos dados de forma a obter apenas medidas estat\u00edsticas que permitam conhecer o n\u00famero de impress\u00f5es de p\u00e1ginas, o n\u00famero de visitas efectuadas aos servidores web, a ordem das visitas , o ponto de acesso, etc.<\/p>\n<p><strong>4.\u00ba LEI APLIC\u00c1VEL E JURISDI\u00c7\u00c3O<\/strong><br>A lei aplic\u00e1vel em caso de lit\u00edgio ou conflito de interpreta\u00e7\u00e3o dos termos que comp\u00f5em os textos legais, bem como qualquer quest\u00e3o relacionada com os servi\u00e7os deste site, ser\u00e1 a lei espanhola.<\/p>\n<p>\u00daltima atualiza\u00e7\u00e3o: 19\/10\/2020<\/p>\t\t\t\t\t\t\t\t<\/div>\n\t\t\t\t<\/div>\n\t\t\t\t\t<\/div>\n\t\t<\/div>\n\t\t\t\t\t<\/div>\n\t\t<\/section>\n\t\t\t\t<\/div>","protected":false},"excerpt":{"rendered":"<p>Aviso legal LEY DE LOS SERVICIOS DE LA SOCIEDAD DE LA INFORMACI\u00d3N (LSSI) PRIMER IMPACTO, S.L., responsable del sitio web, en adelante RESPONSABLE, pone a disposicio\u0301n de los usuarios el presente documento, con el que pretende dar cumplimiento a las obligaciones dispuestas en la Ley 34\/2002, de 11 de julio, de Servicios de la Sociedad [&hellip;]<\/p>","protected":false},"author":2,"featured_media":0,"parent":0,"menu_order":0,"comment_status":"closed","ping_status":"closed","template":"elementor_header_footer","meta":{"inline_featured_image":false,"footnotes":""},"class_list":["post-3639","page","type-page","status-publish","hentry"],"yoast_head":"<!-- This site is optimized with the Yoast SEO plugin v22.9 - https:\/\/yoast.com\/wordpress\/plugins\/seo\/ -->\n<title>Aviso legal - Primer impacto<\/title>\n<meta name=\"robots\" content=\"noindex, follow\" \/>\n<meta property=\"og:locale\" content=\"pt_PT\" \/>\n<meta property=\"og:type\" content=\"article\" \/>\n<meta property=\"og:title\" content=\"Aviso legal - Primer impacto\" \/>\n<meta property=\"og:description\" content=\"Aviso legal LEY DE LOS SERVICIOS DE LA SOCIEDAD DE LA INFORMACI\u00d3N (LSSI) PRIMER IMPACTO, S.L., responsable del sitio web, en adelante RESPONSABLE, pone a disposicio\u0301n de los usuarios el presente documento, con el que pretende dar cumplimiento a las obligaciones dispuestas en la Ley 34\/2002, de 11 de julio, de Servicios de la Sociedad [&hellip;]\" \/>\n<meta property=\"og:url\" content=\"https:\/\/primer-impacto.com\/pt\/aviso-legal\/\" \/>\n<meta property=\"og:site_name\" content=\"Primer impacto\" \/>\n<meta property=\"article:modified_time\" content=\"2024-01-18T10:23:20+00:00\" \/>\n<meta name=\"twitter:card\" content=\"summary_large_image\" \/>\n<meta name=\"twitter:label1\" content=\"Tempo estimado de leitura\" \/>\n\t<meta name=\"twitter:data1\" content=\"6 minutos\" \/>\n<script type=\"application\/ld+json\" class=\"yoast-schema-graph\">{\"@context\":\"https:\/\/schema.org\",\"@graph\":[{\"@type\":\"WebPage\",\"@id\":\"https:\/\/primer-impacto.com\/aviso-legal\/\",\"url\":\"https:\/\/primer-impacto.com\/aviso-legal\/\",\"name\":\"Aviso legal - Primer impacto\",\"isPartOf\":{\"@id\":\"https:\/\/primer-impacto.com\/#website\"},\"datePublished\":\"2022-07-18T19:42:58+00:00\",\"dateModified\":\"2024-01-18T10:23:20+00:00\",\"breadcrumb\":{\"@id\":\"https:\/\/primer-impacto.com\/aviso-legal\/#breadcrumb\"},\"inLanguage\":\"pt-PT\",\"potentialAction\":[{\"@type\":\"ReadAction\",\"target\":[\"https:\/\/primer-impacto.com\/aviso-legal\/\"]}]},{\"@type\":\"BreadcrumbList\",\"@id\":\"https:\/\/primer-impacto.com\/aviso-legal\/#breadcrumb\",\"itemListElement\":[{\"@type\":\"ListItem\",\"position\":1,\"name\":\"Portada\",\"item\":\"https:\/\/primer-impacto.com\/\"},{\"@type\":\"ListItem\",\"position\":2,\"name\":\"Aviso legal\"}]},{\"@type\":\"WebSite\",\"@id\":\"https:\/\/primer-impacto.com\/#website\",\"url\":\"https:\/\/primer-impacto.com\/\",\"name\":\"Primer impacto\",\"description\":\"Especialistas en servicios en el Punto de Venta\",\"publisher\":{\"@id\":\"https:\/\/primer-impacto.com\/#organization\"},\"potentialAction\":[{\"@type\":\"SearchAction\",\"target\":{\"@type\":\"EntryPoint\",\"urlTemplate\":\"https:\/\/primer-impacto.com\/?s={search_term_string}\"},\"query-input\":\"required name=search_term_string\"}],\"inLanguage\":\"pt-PT\"},{\"@type\":\"Organization\",\"@id\":\"https:\/\/primer-impacto.com\/#organization\",\"name\":\"Primer Impacto\",\"url\":\"https:\/\/primer-impacto.com\/\",\"logo\":{\"@type\":\"ImageObject\",\"inLanguage\":\"pt-PT\",\"@id\":\"https:\/\/primer-impacto.com\/#\/schema\/logo\/image\/\",\"url\":\"https:\/\/primer-impacto.com\/wp-content\/uploads\/2022\/07\/logo_pi.png\",\"contentUrl\":\"https:\/\/primer-impacto.com\/wp-content\/uploads\/2022\/07\/logo_pi.png\",\"width\":377,\"height\":377,\"caption\":\"Primer Impacto\"},\"image\":{\"@id\":\"https:\/\/primer-impacto.com\/#\/schema\/logo\/image\/\"}}]}<\/script>\n<!-- \/ Yoast SEO plugin. -->","yoast_head_json":{"title":"Aviso legal - Primer impacto","robots":{"index":"noindex","follow":"follow"},"og_locale":"pt_PT","og_type":"article","og_title":"Aviso legal - Primer impacto","og_description":"Aviso legal LEY DE LOS SERVICIOS DE LA SOCIEDAD DE LA INFORMACI\u00d3N (LSSI) PRIMER IMPACTO, S.L., responsable del sitio web, en adelante RESPONSABLE, pone a disposicio\u0301n de los usuarios el presente documento, con el que pretende dar cumplimiento a las obligaciones dispuestas en la Ley 34\/2002, de 11 de julio, de Servicios de la Sociedad [&hellip;]","og_url":"https:\/\/primer-impacto.com\/pt\/aviso-legal\/","og_site_name":"Primer impacto","article_modified_time":"2024-01-18T10:23:20+00:00","twitter_card":"summary_large_image","twitter_misc":{"Tempo estimado de leitura":"6 minutos"},"schema":{"@context":"https:\/\/schema.org","@graph":[{"@type":"WebPage","@id":"https:\/\/primer-impacto.com\/aviso-legal\/","url":"https:\/\/primer-impacto.com\/aviso-legal\/","name":"Aviso legal - Primer impacto","isPartOf":{"@id":"https:\/\/primer-impacto.com\/#website"},"datePublished":"2022-07-18T19:42:58+00:00","dateModified":"2024-01-18T10:23:20+00:00","breadcrumb":{"@id":"https:\/\/primer-impacto.com\/aviso-legal\/#breadcrumb"},"inLanguage":"pt-PT","potentialAction":[{"@type":"ReadAction","target":["https:\/\/primer-impacto.com\/aviso-legal\/"]}]},{"@type":"BreadcrumbList","@id":"https:\/\/primer-impacto.com\/aviso-legal\/#breadcrumb","itemListElement":[{"@type":"ListItem","position":1,"name":"Portada","item":"https:\/\/primer-impacto.com\/"},{"@type":"ListItem","position":2,"name":"Aviso legal"}]},{"@type":"WebSite","@id":"https:\/\/primer-impacto.com\/#website","url":"https:\/\/primer-impacto.com\/","name":"Primer impacto","description":"Especialistas en servicios en el Punto de Venta","publisher":{"@id":"https:\/\/primer-impacto.com\/#organization"},"potentialAction":[{"@type":"SearchAction","target":{"@type":"EntryPoint","urlTemplate":"https:\/\/primer-impacto.com\/?s={search_term_string}"},"query-input":"required name=search_term_string"}],"inLanguage":"pt-PT"},{"@type":"Organization","@id":"https:\/\/primer-impacto.com\/#organization","name":"Primer Impacto","url":"https:\/\/primer-impacto.com\/","logo":{"@type":"ImageObject","inLanguage":"pt-PT","@id":"https:\/\/primer-impacto.com\/#\/schema\/logo\/image\/","url":"https:\/\/primer-impacto.com\/wp-content\/uploads\/2022\/07\/logo_pi.png","contentUrl":"https:\/\/primer-impacto.com\/wp-content\/uploads\/2022\/07\/logo_pi.png","width":377,"height":377,"caption":"Primer Impacto"},"image":{"@id":"https:\/\/primer-impacto.com\/#\/schema\/logo\/image\/"}}]}},"_links":{"self":[{"href":"https:\/\/primer-impacto.com\/pt\/wp-json\/wp\/v2\/pages\/3639","targetHints":{"allow":["GET"]}}],"collection":[{"href":"https:\/\/primer-impacto.com\/pt\/wp-json\/wp\/v2\/pages"}],"about":[{"href":"https:\/\/primer-impacto.com\/pt\/wp-json\/wp\/v2\/types\/page"}],"author":[{"embeddable":true,"href":"https:\/\/primer-impacto.com\/pt\/wp-json\/wp\/v2\/users\/2"}],"replies":[{"embeddable":true,"href":"https:\/\/primer-impacto.com\/pt\/wp-json\/wp\/v2\/comments?post=3639"}],"version-history":[{"count":16,"href":"https:\/\/primer-impacto.com\/pt\/wp-json\/wp\/v2\/pages\/3639\/revisions"}],"predecessor-version":[{"id":6234,"href":"https:\/\/primer-impacto.com\/pt\/wp-json\/wp\/v2\/pages\/3639\/revisions\/6234"}],"wp:attachment":[{"href":"https:\/\/primer-impacto.com\/pt\/wp-json\/wp\/v2\/media?parent=3639"}],"curies":[{"name":"wp","href":"https:\/\/api.w.org\/{rel}","templated":true}]}}